{"id":3375,"date":"2015-11-25T07:32:54","date_gmt":"2015-11-25T07:32:54","guid":{"rendered":"http:\/\/smartyschool.stylemixthemes.com\/?page_id=21"},"modified":"2023-12-19T17:38:29","modified_gmt":"2023-12-19T17:38:29","slug":"somos-kws","status":"publish","type":"page","link":"https:\/\/kidsworldschool.cl\/index.php\/somos-kws\/","title":{"rendered":"Somos KWS"},"content":{"rendered":"<section class=\"wpb-content-wrapper\"><p>[vc_row content_placement=&#8221;middle&#8221; css=&#8221;.vc_custom_1455945376982{margin-bottom: 0px !important;}&#8221; el_class=&#8221;stm-row_table&#8221;][vc_column width=&#8221;1\/2&#8243; css=&#8221;.vc_custom_1457152676290{padding-top: 0px !important;}&#8221; offset=&#8221;vc_col-lg-6 vc_col-md-6&#8243;][stm_spacing xs_spacing=&#8221;80px&#8221; lg_spacing=&#8221;80&#8243; md_spacing=&#8221;80&#8243; sm_spacing=&#8221;80&#8243;][stm_single_image img_alignment=&#8221;center&#8221; img_responsive_enable=&#8221;true&#8221; img_id=&#8221;3873&#8243; img_size=&#8221;410&#215;648&#8243;][stm_wp_custommenu nav_menu=&#8221;stm-about&#8221; position=&#8221;absolute&#8221; position_top=&#8221;80px&#8221; position_left=&#8221;0&#8243; hidden_xs=&#8221;true&#8221;][stm_spacing xs_spacing=&#8221;40px&#8221;][\/vc_column][vc_column width=&#8221;1\/2&#8243; offset=&#8221;vc_col-lg-5 vc_col-md-6&#8243;][stm_spacing sm_spacing=&#8221;80px&#8221; lg_spacing=&#8221;80&#8243; md_spacing=&#8221;80&#8243; xs_spacing=&#8221;80&#8243;][stm_title title_tag=&#8221;h2&#8243; sep_color=&#8221;custom&#8221; sep_enable=&#8221;true&#8221; title=&#8221;Bienvenidos a Kids World School&#8221; sep_css=&#8221;margin-bottom:51px;&#8221; sep_margin_b=&#8221;51px&#8221; sep_color_custom=&#8221;#7a1a1c&#8221;][\/stm_title][stm_testimonials stm_testimonial_type=&#8221;single_static&#8221; enable_cite_customization=&#8221;true&#8221; testimonial_text=&#8221;&#8221; testimonial_cite=&#8221;<strong>Mrs Joanna McQuaid<\/strong>, Principal&#8221; cite_space_top=&#8221;30px&#8221;]<\/p>\n<h3>El conocimiento es el \u00fanico bien que crece cuando se comparte. Inspiremos el cambio con cada palabra y acci\u00f3n.<\/h3>\n<p>[\/stm_testimonials][stm_spacing sm_spacing=&#8221;80px&#8221; xs_spacing=&#8221;80px&#8221;][\/vc_column][\/vc_row][vc_row full_width=&#8221;stretch_row_content&#8221; gap=&#8221;10&#8243; full_height=&#8221;yes&#8221; equal_height=&#8221;yes&#8221; content_placement=&#8221;middle&#8221; css=&#8221;.vc_custom_1697156062448{margin-right: 100px !important;margin-left: 100px !important;background-color: #ffffff !important;}&#8221;][vc_column width=&#8221;1\/4&#8243;][\/vc_column][vc_column width=&#8221;1\/2&#8243;][stm_spacing sm_spacing=&#8221;80px&#8221; xs_spacing=&#8221;80px&#8221; lg_spacing=&#8221;80&#8243; md_spacing=&#8221;80&#8243;][stm_title title_tag=&#8221;h3&#8243; sep_color=&#8221;custom&#8221; sep_enable=&#8221;true&#8221; title=&#8221;Estimada comunidad escolar&#8221; sep_margin_b=&#8221;41px&#8221; sep_color_custom=&#8221;#7a1a1c&#8221;][\/stm_title][vc_column_text]Es un honor dirigirme a ustedes en este momento de reflexi\u00f3n y expectativa. A medida que avanzamos hacia un nuevo cap\u00edtulo, quiero expresar mi profundo agradecimiento por la colaboraci\u00f3n y dedicaci\u00f3n que han demostrado en nuestra comunidad.<\/p>\n<p>La trayectoria de la vida nos ense\u00f1a que cada d\u00eda es una oportunidad para aprender, crecer y compartir. A lo largo de los a\u00f1os, he sido testigo de la val\u00eda y el potencial que reside en cada uno de ustedes. Nuestra comunidad es un tejido de experiencias, conocimientos y aspiraciones, y es en este tejido donde encontramos la fuerza para superar los desaf\u00edos que la vida nos presenta.<\/p>\n<p>Enfrentamos un futuro lleno de posibilidades, y estoy confiada en que, juntos, podemos abrazar la sabidur\u00eda que nos otorga la experiencia y la visi\u00f3n de un ma\u00f1ana prometedor. La empat\u00eda y la comprensi\u00f3n son las piedras angulares de nuestra convivencia, y les animo a cultivar estos valores en cada interacci\u00f3n.<\/p>\n<p>La educaci\u00f3n, como faro de conocimiento, nos ilumina en nuestro viaje. Es nuestro deber, como seres comprometidos, transmitir este conocimiento con pasi\u00f3n y paciencia, guiando a las generaciones venideras hacia un camino de descubrimiento y comprensi\u00f3n m\u00e1s profunda.<\/p>\n<p>En este camino, invito a todos a ser faros de sabidur\u00eda y comprensi\u00f3n. La empat\u00eda, esa conexi\u00f3n profunda con los dem\u00e1s, es el hilo que une nuestras experiencias. Recordemos que, en la diversidad de nuestras historias, encontramos la riqueza de nuestra comunidad.<\/p>\n<p>En este proceso, la firmeza se entrelaza con la comprensi\u00f3n. Debemos ser firmes en nuestros prop\u00f3sitos, pero tambi\u00e9n altruistas en nuestras acciones. Cada logro, por peque\u00f1o que parezca, contribuye al tapiz de nuestra historia compartida.<\/p>\n<p>A medida que nos embarcamos en este nuevo cap\u00edtulo, insto a cada uno de ustedes a abrazar la oportunidad de ser mentores, gu\u00edas y fuentes de inspiraci\u00f3n. Juntos, podemos crear un entorno en el que cada individuo se sienta valorado y motivado a alcanzar su m\u00e1ximo potencial.<\/p>\n<p>Conf\u00edo en que, con sabidur\u00eda, empat\u00eda y firmeza, forjaremos un camino de excelencia y crecimiento. Sigamos construyendo un legado que inspire a las generaciones futuras y que refleje la grandeza de nuestra comunidad.<\/p>\n<p>&#8220;El conocimiento es el \u00fanico bien que crece cuando se comparte. Inspiremos el cambio con cada palabra y acci\u00f3n.&#8221;<\/p>\n<p>&nbsp;<\/p>\n<p>Con cari\u00f1o y optimismo,[\/vc_column_text][stm_spacing sm_spacing=&#8221;80px&#8221; xs_spacing=&#8221;80px&#8221; lg_spacing=&#8221;80&#8243; md_spacing=&#8221;80&#8243;][vc_single_image image=&#8221;3994&#8243; img_size=&#8221;medium&#8221;][vc_custom_heading text=&#8221;Minerva Gonz\u00e1lez Zepeda. &#8211; Sostenedora&#8221; font_container=&#8221;tag:h5|text_align:left&#8221; use_theme_fonts=&#8221;yes&#8221;][\/vc_column][vc_column width=&#8221;1\/4&#8243;][\/vc_column][\/vc_row][vc_row content_placement=&#8221;middle&#8221; css=&#8221;.vc_custom_1455945376982{margin-bottom: 0px !important;}&#8221; el_class=&#8221;stm-row_table&#8221;][vc_column width=&#8221;1\/2&#8243; offset=&#8221;vc_col-lg-5 vc_col-md-6&#8243;][stm_spacing sm_spacing=&#8221;80px&#8221; lg_spacing=&#8221;80&#8243; md_spacing=&#8221;80&#8243; xs_spacing=&#8221;80&#8243;][stm_title title_tag=&#8221;h2&#8243; sep_color=&#8221;custom&#8221; sep_enable=&#8221;true&#8221; title=&#8221;Bienvenidos a Kids World School&#8221; sep_css=&#8221;margin-bottom:51px;&#8221; sep_margin_b=&#8221;51px&#8221; sep_color_custom=&#8221;#7a1a1c&#8221;][\/stm_title][stm_testimonials stm_testimonial_type=&#8221;single_static&#8221; testimonial_text=&#8221;&#8221; testimonial_cite=&#8221;<strong>Mrs Joanna McQuaid<\/strong>, Principal&#8221;]<\/p>\n<h3>Como colegio, le damos una c\u00e1lida bienvenida a los estudiantes y apoderados, que han confiado en nosotros, el proceso educativo de sus hijos, esto representa un gran desaf\u00edo que en conjunto con profesores, auxiliares y todo nuestros estamento, llevaremos a cabo con el mayor orgullo.<\/h3>\n<p>[\/stm_testimonials][stm_spacing sm_spacing=&#8221;80px&#8221; xs_spacing=&#8221;80px&#8221;][\/vc_column][vc_column width=&#8221;1\/2&#8243; css=&#8221;.vc_custom_1457152676290{padding-top: 0px !important;}&#8221; offset=&#8221;vc_col-lg-6 vc_col-md-6&#8243;][stm_spacing xs_spacing=&#8221;80px&#8221; lg_spacing=&#8221;80&#8243; md_spacing=&#8221;80&#8243; sm_spacing=&#8221;80&#8243;][stm_single_image img_alignment=&#8221;center&#8221; img_responsive_enable=&#8221;true&#8221; img_id=&#8221;3646&#8243; img_size=&#8221;410&#215;648&#8243;][stm_wp_custommenu nav_menu=&#8221;stm-about&#8221; position=&#8221;absolute&#8221; position_top=&#8221;80px&#8221; position_left=&#8221;0&#8243; hidden_xs=&#8221;true&#8221;][stm_spacing xs_spacing=&#8221;40px&#8221;][\/vc_column][\/vc_row][vc_row full_width=&#8221;stretch_row_content&#8221; gap=&#8221;10&#8243; full_height=&#8221;yes&#8221; equal_height=&#8221;yes&#8221; content_placement=&#8221;middle&#8221; css=&#8221;.vc_custom_1697156062448{margin-right: 100px !important;margin-left: 100px !important;background-color: #ffffff !important;}&#8221;][vc_column width=&#8221;1\/4&#8243;][\/vc_column][vc_column width=&#8221;1\/2&#8243;][stm_spacing sm_spacing=&#8221;80px&#8221; xs_spacing=&#8221;80px&#8221; lg_spacing=&#8221;80&#8243; md_spacing=&#8221;80&#8243;][stm_title title_tag=&#8221;h3&#8243; sep_color=&#8221;custom&#8221; sep_enable=&#8221;true&#8221; title=&#8221;Estimada comunidad escolar&#8221; sep_margin_b=&#8221;41px&#8221; sep_color_custom=&#8221;#7a1a1c&#8221;][\/stm_title][vc_column_text]Hoy me dirijo a todos ustedes con un coraz\u00f3n lleno de gratitud y entusiasmo. Es un honor y un privilegio estar aqu\u00ed frente a ustedes, comprometida con la educaci\u00f3n y el crecimiento de cada uno de nuestros estudiantes.<\/p>\n<p>En primer lugar, quiero agradecer a todos los miembros de esta maravillosa comunidad: estudiantes, padres, apoderados, profesores, personal administrativo y paradocente. Cada uno de ustedes desempe\u00f1a un papel crucial en el desarrollo de nuestro colegio. Juntos, hemos construido un entorno que fomenta el aprendizaje, el respeto y la colaboraci\u00f3n.<\/p>\n<p>Nuestra misi\u00f3n como colegio es brindar una educaci\u00f3n integral y de calidad que forme a nuestros estudiantes como individuos \u00edntegros, capaces de enfrentar los desaf\u00edos del mundo en constante cambio. Como equipo, debemos recordar que nuestra labor no se limita \u00fanicamente a la transmisi\u00f3n de conocimientos acad\u00e9micos, sino tambi\u00e9n a la formaci\u00f3n de ciudadanos responsables, respetuosos y comprometidos con su comunidad.<\/p>\n<p>Es fundamental recordar que cada estudiante es \u00fanico y tiene un potencial ilimitado. Como educadores, tenemos la responsabilidad de descubrir y nutrir esas habilidades y talentos individuales, brindando un ambiente de apoyo que promueva la confianza y la autoestima. Todos los logros, grandes y peque\u00f1os, merecen ser celebrados, ya que cada uno de ellos representa un paso m\u00e1s hacia el crecimiento y el \u00e9xito personal.<\/p>\n<p>Como colegio, tambi\u00e9n debemos estar a la vanguardia de la innovaci\u00f3n educativa. Vivimos en una era de r\u00e1pidos avances tecnol\u00f3gicos y cambios sociales, y es nuestro deber preparar a nuestros estudiantes para un futuro lleno de desaf\u00edos y oportunidades. Debemos fomentar la creatividad, el pensamiento cr\u00edtico y la resoluci\u00f3n de problemas, equipando a nuestros estudiantes con las herramientas necesarias para ser l\u00edderes en un mundo globalizado.<\/p>\n<p>Sin embargo, no podemos hacerlo solos. La educaci\u00f3n es un esfuerzo colectivo que requiere la colaboraci\u00f3n de todos los miembros de la comunidad. Invito a los padres y apoderados a ser nuestros aliados en este viaje educativo, a involucrarse activamente en la educaci\u00f3n de sus hijos y a trabajar en conjunto con nosotros para garantizar su bienestar y \u00e9xito.<\/p>\n<p>En resumen, querida comunidad escolar, este a\u00f1o escolar se presenta como una oportunidad para crecer juntos, para inspirar y ser inspirados, para alcanzar metas m\u00e1s altas y superar cualquier obst\u00e1culo que se nos presente. Juntos, podemos crear un ambiente donde cada estudiante se sienta valorado, motivado y apoyado en su camino hacia el \u00e9xito.<\/p>\n<p>Estoy emocionada y comprometida con este nuevo cap\u00edtulo en la historia de nuestro colegio. Conf\u00edo en que, trabajando juntos, lograremos grandes cosas y dejaremos una huella duradera en la vida de nuestros estudiantes.<br \/>\n\u00a1Vamos a hacer de este a\u00f1o escolar un a\u00f1o de excelencia y crecimiento!<br \/>\nSe despide Afectuosamente[\/vc_column_text][stm_spacing sm_spacing=&#8221;80px&#8221; xs_spacing=&#8221;80px&#8221; lg_spacing=&#8221;80&#8243; md_spacing=&#8221;80&#8243;][vc_single_image image=&#8221;3577&#8243; img_size=&#8221;medium&#8221;][vc_custom_heading text=&#8221;Roxana Minerva Castillo Gonz\u00e1lez. &#8211; Sostenedora&#8221; font_container=&#8221;tag:h5|text_align:left&#8221; use_theme_fonts=&#8221;yes&#8221;][stm_spacing sm_spacing=&#8221;80px&#8221; xs_spacing=&#8221;80px&#8221; lg_spacing=&#8221;80&#8243; md_spacing=&#8221;80&#8243;][\/vc_column][vc_column width=&#8221;1\/4&#8243;][\/vc_column][\/vc_row][vc_row full_width=&#8221;stretch_row_content&#8221; gap=&#8221;10&#8243; full_height=&#8221;yes&#8221; equal_height=&#8221;yes&#8221; content_placement=&#8221;middle&#8221; css=&#8221;.vc_custom_1697156062448{margin-right: 100px !important;margin-left: 100px !important;background-color: #ffffff !important;}&#8221;][vc_column width=&#8221;1\/4&#8243;][\/vc_column][vc_column width=&#8221;1\/2&#8243;][stm_spacing sm_spacing=&#8221;80px&#8221; xs_spacing=&#8221;80px&#8221; lg_spacing=&#8221;80&#8243; md_spacing=&#8221;80&#8243;][vc_row_inner css=&#8221;.vc_custom_1694997815048{background-color: #e3e7ea !important;}&#8221;][vc_column_inner][vc_empty_space height=&#8221;50px&#8221;][stm_title title_tag=&#8221;h3&#8243; sep_color=&#8221;custom&#8221; sep_enable=&#8221;true&#8221; title=&#8221;Misi\u00f3n&#8221; sep_margin_b=&#8221;41px&#8221; sep_color_custom=&#8221;#7a1a1c&#8221;][\/stm_title][vc_column_text]Kid\u2019s world School es una instituci\u00f3n de orientaci\u00f3n humanista-cient\u00edfica con sello biling\u00fae, que funda su l\u00ednea de acci\u00f3n a partir del compromiso con la calidad educacional y la inclusi\u00f3n. Dentro de ese contexto, esta unidad educativa, articula desde la familia, la promoci\u00f3n de competencias que habilitan al estudiante para una participaci\u00f3n real y efectiva dentro de la sociedad del conocimiento, teniendo como objetivo final el ingreso a la educaci\u00f3n superior[\/vc_column_text][stm_title title_tag=&#8221;h3&#8243; sep_color=&#8221;custom&#8221; sep_enable=&#8221;true&#8221; title=&#8221;Visi\u00f3n&#8221; sep_margin_b=&#8221;41px&#8221; sep_color_custom=&#8221;#7a1a1c&#8221;][\/stm_title][vc_column_text]Kid\u2019s world School es una instituci\u00f3n de orientaci\u00f3n humanista-cient\u00edfica con sello biling\u00fae, que funda su l\u00ednea de acci\u00f3n a partir del compromiso con la calidad educacional y la inclusi\u00f3n. Dentro de ese contexto, esta unidad educativa, articula desde la familia, la promoci\u00f3n de competencias que habilitan al estudiante para una participaci\u00f3n real y efectiva dentro de la sociedad del conocimiento, teniendo como objetivo final el ingreso a la educaci\u00f3n superior.[\/vc_column_text][\/vc_column_inner][\/vc_row_inner][vc_row_inner][vc_column_inner][stm_title title_tag=&#8221;h3&#8243; sep_color=&#8221;custom&#8221; sep_enable=&#8221;true&#8221; title=&#8221;Objetivos&#8221; sep_margin_b=&#8221;41px&#8221; sep_color_custom=&#8221;#7a1a1c&#8221;][\/stm_title][vc_column_text]Educar y formar estudiantes tanto en lo acad\u00e9mico como en lo personal, para que logren ser parte activa de la sociedad y lograr el ingreso a la educaci\u00f3n superior.[\/vc_column_text][\/vc_column_inner][\/vc_row_inner][\/vc_column][vc_column width=&#8221;1\/4&#8243;][\/vc_column][\/vc_row][vc_row full_width=&#8221;stretch_row_content_no_spaces&#8221; css=&#8221;.vc_custom_1696395206083{margin-bottom: 0px !important;padding-top: 38px !important;padding-bottom: 59px !important;background-color: #ffffff !important;}&#8221;][vc_column width=&#8221;1\/6&#8243; offset=&#8221;vc_col-lg-8 vc_col-md-7&#8243;][\/vc_column][vc_column width=&#8221;2\/3&#8243;][\/vc_column][vc_column width=&#8221;1\/6&#8243;][\/vc_column][\/vc_row][vc_row full_width=&#8221;stretch_row_content_no_spaces&#8221; css=&#8221;.vc_custom_1455945608832{padding-top: 0px !important;}&#8221;][vc_column css=&#8221;.vc_custom_1455945637638{padding-top: 0px !important;}&#8221;][stm_gallery][\/vc_column][\/vc_row][vc_row disable_element=&#8221;yes&#8221; css=&#8221;.vc_custom_1699281177776{padding-top: 73px !important;padding-bottom: 66px !important;}&#8221;][vc_column][stm_achievement stm_cat_certifications=&#8221;true&#8221;][\/vc_column][\/vc_row][vc_row disable_element=&#8221;yes&#8221; css=&#8221;.vc_custom_1699281183493{padding-top: 73px !important;padding-bottom: 66px !important;}&#8221;][vc_column][stm_title title_tag=&#8221;h3&#8243; sep_enable=&#8221;true&#8221; title=&#8221;Preguntas Frecuentes&#8221; sep_margin_b=&#8221;50px&#8221;][\/stm_title][vc_tta_accordion gap=&#8221;4&#8243; c_position=&#8221;right&#8221; active_section=&#8221;1&#8243; style=&#8221;outline&#8221; shape=&#8221;square&#8221; color=&#8221;sky&#8221; spacing=&#8221;20&#8243; no_fill=&#8221;true&#8221; css=&#8221;.vc_custom_1452055275115{margin-bottom: 0px !important;}&#8221;][vc_tta_section title=&#8221;\u00bfTienen Redes Sociales?&#8221; tab_id=&#8221;1699281134397-6f526f1a-483c&#8221;][vc_column_text]Si poseemos redes sociales, en[\/vc_column_text][\/vc_tta_section][vc_tta_section title=&#8221;\u00bfComo los puedo contactar?&#8221; tab_id=&#8221;1699281134415-e7e2f865-9a0f&#8221;][vc_column_text]Nuestros canales de contacto son:<\/p>\n<p><strong>Casa Matriz<\/strong><br \/>\nTel\u00e9fono:<strong>+<\/strong>56 512 402 120<\/p>\n<p><strong>Anexo<\/strong><br \/>\nTelefono:+56 512 641 746<\/p>\n<p>Email:<br \/>\n<a href=\"mailto:inspectoria.general@kidsworldschool.cl\" target=\"_blank\" rel=\"noopener\"><span class=\"il\">inspectoria<\/span>.general@kidsworldschool.cl<\/a><\/p>\n<p>[\/vc_column_text][\/vc_tta_section][vc_tta_section title=&#8221;Children in Need Armistice Day?&#8221; tab_id=&#8221;1699281134434-1b7aa55e-b70a&#8221;][vc_column_text]Private yet affordable elementary school offering a stimulating curriculum and a supportive environment.[\/vc_column_text][\/vc_tta_section][\/vc_tta_accordion][\/vc_column][\/vc_row]<\/p>\n<\/section>","protected":false},"excerpt":{"rendered":"<p>[vc_row content_placement=&#8221;middle&#8221; css=&#8221;.vc_custom_1455945376982{margin-bottom: 0px !important;}&#8221; el_class=&#8221;stm-row_table&#8221;][vc_column width=&#8221;1\/2&#8243; css=&#8221;.vc_custom_1457152676290{padding-top: 0px !important;}&#8221; offset=&#8221;vc_col-lg-6 vc_col-md-6&#8243;][stm_spacing xs_spacing=&#8221;80px&#8221; lg_spacing=&#8221;80&#8243; md_spacing=&#8221;80&#8243; sm_spacing=&#8221;80&#8243;][stm_single_image img_alignment=&#8221;center&#8221; img_responsive_enable=&#8221;true&#8221; img_id=&#8221;3873&#8243; img_size=&#8221;410&#215;648&#8243;][stm_wp_custommenu nav_menu=&#8221;stm-about&#8221; position=&#8221;absolute&#8221; position_top=&#8221;80px&#8221; position_left=&#8221;0&#8243; hidden_xs=&#8221;true&#8221;][stm_spacing xs_spacing=&#8221;40px&#8221;][\/vc_column][vc_column width=&#8221;1\/2&#8243; offset=&#8221;vc_col-lg-5 vc_col-md-6&#8243;][stm_spacing sm_spacing=&#8221;80px&#8221; lg_spacing=&#8221;80&#8243; md_spacing=&#8221;80&#8243; xs_spacing=&#8221;80&#8243;][stm_title title_tag=&#8221;h2&#8243; sep_color=&#8221;custom&#8221; sep_enable=&#8221;true&#8221; title=&#8221;Bienvenidos a Kids World School&#8221; sep_css=&#8221;margin-bottom:51px;&#8221; sep_margin_b=&#8221;51px&#8221; sep_color_custom=&#8221;#7a1a1c&#8221;][\/stm_title][stm_testimonials stm_testimonial_type=&#8221;single_static&#8221; enable_cite_customization=&#8221;true&#8221; testimonial_text=&#8221;&#8221; testimonial_cite=&#8221;Mrs Joanna McQuaid, Principal&#8221; cite_space_top=&#8221;30px&#8221;] El conocimiento es [&hellip;]<\/p>\n","protected":false},"author":1,"featured_media":0,"parent":0,"menu_order":0,"comment_status":"closed","ping_status":"closed","template":"","meta":{"om_disable_all_campaigns":false,"_monsterinsights_skip_tracking":false,"_monsterinsights_sitenote_active":false,"_monsterinsights_sitenote_note":"","_monsterinsights_sitenote_category":0,"_uf_show_specific_survey":0,"_uf_disable_surveys":false,"h5ap_radio_sources":[],"footnotes":""},"class_list":["post-3375","page","type-page","status-publish","hentry"],"aioseo_notices":[],"_links":{"self":[{"href":"https:\/\/kidsworldschool.cl\/index.php\/wp-json\/wp\/v2\/pages\/3375","targetHints":{"allow":["GET"]}}],"collection":[{"href":"https:\/\/kidsworldschool.cl\/index.php\/wp-json\/wp\/v2\/pages"}],"about":[{"href":"https:\/\/kidsworldschool.cl\/index.php\/wp-json\/wp\/v2\/types\/page"}],"author":[{"embeddable":true,"href":"https:\/\/kidsworldschool.cl\/index.php\/wp-json\/wp\/v2\/users\/1"}],"replies":[{"embeddable":true,"href":"https:\/\/kidsworldschool.cl\/index.php\/wp-json\/wp\/v2\/comments?post=3375"}],"version-history":[{"count":13,"href":"https:\/\/kidsworldschool.cl\/index.php\/wp-json\/wp\/v2\/pages\/3375\/revisions"}],"predecessor-version":[{"id":3996,"href":"https:\/\/kidsworldschool.cl\/index.php\/wp-json\/wp\/v2\/pages\/3375\/revisions\/3996"}],"wp:attachment":[{"href":"https:\/\/kidsworldschool.cl\/index.php\/wp-json\/wp\/v2\/media?parent=3375"}],"curies":[{"name":"wp","href":"https:\/\/api.w.org\/{rel}","templated":true}]}}