{"id":3592,"date":"2023-10-15T18:11:15","date_gmt":"2023-10-15T18:11:15","guid":{"rendered":"https:\/\/kidsworldschool.cl\/?page_id=3592"},"modified":"2023-12-19T16:18:29","modified_gmt":"2023-12-19T16:18:29","slug":"plan-de-estudio","status":"publish","type":"page","link":"https:\/\/kidsworldschool.cl\/index.php\/plan-de-estudio\/","title":{"rendered":"Plan de Estudio"},"content":{"rendered":"<section class=\"wpb-content-wrapper\"><p>[vc_row][vc_column][vc_empty_space height=&#8221;60&#8243;][vc_column_text]Kids World School se \u00a0centra en brindar educaci\u00f3n integral y de calidad a estudiantes de 3 a 18 a\u00f1os. Establece conexiones con otras instituciones educativas y universidades de prestigio para mantener un plan de estudios actualizado. Su equipo de profesores participa activamente en cursos de formaci\u00f3n para mejorar la calidad de la ense\u00f1anza. Se enfocan en las necesidades y habilidades individuales de cada estudiante para ayudarlos a alcanzar su m\u00e1ximo potencial y construir confianza en su aprendizaje.<\/p>\n<p>Este enfoque en la calidad, la educaci\u00f3n individualizada y la mejora continua es fundamental para el \u00e9xito educativo de los estudiantes en Kids World School.[\/vc_column_text][\/vc_column][\/vc_row][vc_row][vc_column width=&#8221;1\/2&#8243;][vc_column_text]<\/p>\n<table style=\"border-collapse: collapse;width: 58.0714%\">\n<tbody>\n<tr>\n<td style=\"width: 23.253%\" width=\"318\"><strong>PRIMERO Y SEGUNDOS B\u00c1SICOS<\/strong><\/td>\n<td style=\"width: 4.6383%;text-align: right\" width=\"83\"><\/td>\n<\/tr>\n<tr>\n<td style=\"width: 23.253%\" width=\"318\"><\/td>\n<td style=\"width: 4.6383%;text-align: right\" width=\"83\">HORAS<\/td>\n<\/tr>\n<tr>\n<td style=\"width: 23.253%;background-color: #d6d6d6\" width=\"318\"><strong>ASIGNATURAS<\/strong><\/td>\n<td style=\"width: 4.6383%;text-align: right;background-color: #d6d6d6\" width=\"83\"><strong>30 + 3<\/strong><\/td>\n<\/tr>\n<tr>\n<td style=\"width: 23.253%\" width=\"318\">LENGUAJE Y COMUNICACI\u00d3N<\/td>\n<td style=\"width: 4.6383%;text-align: right\" width=\"83\">8<\/td>\n<\/tr>\n<tr>\n<td style=\"width: 23.253%\" width=\"318\">MATEM\u00c1TICA<\/td>\n<td style=\"width: 4.6383%;text-align: right\" width=\"83\">6<\/td>\n<\/tr>\n<tr>\n<td style=\"width: 23.253%\" width=\"318\">HISTORIA, GEOGRAF\u00cdA Y CIENCIAS SOCIALES<\/td>\n<td style=\"width: 4.6383%;text-align: right\" width=\"83\">3<\/td>\n<\/tr>\n<tr>\n<td style=\"width: 23.253%\" width=\"318\">CIENCIAS NATURALES<\/td>\n<td style=\"width: 4.6383%;text-align: right\" width=\"83\">3<\/td>\n<\/tr>\n<tr>\n<td style=\"width: 23.253%\" width=\"318\">M\u00daSICA<\/td>\n<td style=\"width: 4.6383%;text-align: right\" width=\"83\">2<\/td>\n<\/tr>\n<tr>\n<td style=\"width: 23.253%\" width=\"318\">ARTES VISUALES<\/td>\n<td style=\"width: 4.6383%;text-align: right\" width=\"83\">2<\/td>\n<\/tr>\n<tr>\n<td style=\"width: 23.253%\" width=\"318\">EDUCACI\u00d3N F\u00cdSICA Y SALUD<\/td>\n<td style=\"width: 4.6383%;text-align: right\" width=\"83\">3<\/td>\n<\/tr>\n<tr>\n<td style=\"width: 23.253%\" width=\"318\">ORIENTACI\u00d3N<\/td>\n<td style=\"width: 4.6383%;text-align: right\" width=\"83\">1<\/td>\n<\/tr>\n<tr>\n<td style=\"width: 23.253%\" width=\"318\">TECNOLOG\u00cdA<\/td>\n<td style=\"width: 4.6383%;text-align: right\" width=\"83\">1<\/td>\n<\/tr>\n<tr>\n<td style=\"width: 23.253%\" width=\"318\">RELIGI\u00d3N<\/td>\n<td style=\"width: 4.6383%;text-align: right\" width=\"83\">2<\/td>\n<\/tr>\n<tr>\n<td style=\"width: 23.253%\" width=\"318\">\u00cdNGLES<\/td>\n<td style=\"width: 4.6383%;text-align: right\" width=\"83\">2<\/td>\n<\/tr>\n<tr>\n<td style=\"width: 23.253%\" width=\"318\">TOTAL<\/td>\n<td style=\"width: 4.6383%;text-align: right\" width=\"83\">33 HORAS<\/td>\n<\/tr>\n<\/tbody>\n<\/table>\n<p>[\/vc_column_text][\/vc_column][vc_column width=&#8221;1\/2&#8243;][vc_column_text]<\/p>\n<table style=\"border-collapse: collapse;width: 58.0714%\">\n<tbody>\n<tr>\n<td style=\"width: 75.5187%\" width=\"318\"><strong>TERCERO Y CUARTO B\u00c1SICO<\/strong><\/td>\n<td style=\"width: 24.4813%\" width=\"101\"><\/td>\n<\/tr>\n<tr>\n<td style=\"width: 75.5187%\" width=\"318\"><\/td>\n<td style=\"width: 24.4813%\" width=\"101\">HORAS<\/td>\n<\/tr>\n<tr>\n<td style=\"width: 75.5187%;background-color: #d6d6d6\" width=\"318\"><strong>ASIGNATURAS<\/strong><\/td>\n<td style=\"width: 24.4813%;background-color: #d6d6d6\" width=\"101\">31,5 + 6,5<\/td>\n<\/tr>\n<tr>\n<td style=\"width: 75.5187%\" width=\"318\">LENGUAJE Y COMUNICACI\u00d3N<\/td>\n<td style=\"width: 24.4813%\" width=\"101\">8<\/td>\n<\/tr>\n<tr>\n<td style=\"width: 75.5187%\" width=\"318\">MATEM\u00c1TICA<\/td>\n<td style=\"width: 24.4813%\" width=\"101\">8<\/td>\n<\/tr>\n<tr>\n<td style=\"width: 75.5187%\" width=\"318\">HISTORIA, GEOGRAF\u00cdA Y CIENCIAS SOCIALES<\/td>\n<td style=\"width: 24.4813%\" width=\"101\">3<\/td>\n<\/tr>\n<tr>\n<td style=\"width: 75.5187%\" width=\"318\">CIENCIAS NATURALES<\/td>\n<td style=\"width: 24.4813%\" width=\"101\">3<\/td>\n<\/tr>\n<tr>\n<td style=\"width: 75.5187%\" width=\"318\">M\u00daSICA<\/td>\n<td style=\"width: 24.4813%\" width=\"101\">2<\/td>\n<\/tr>\n<tr>\n<td style=\"width: 75.5187%\" width=\"318\">ARTES VISUALES<\/td>\n<td style=\"width: 24.4813%\" width=\"101\">2<\/td>\n<\/tr>\n<tr>\n<td style=\"width: 75.5187%\" width=\"318\">EDUCACI\u00d3N F\u00cdSICA Y SALUD<\/td>\n<td style=\"width: 24.4813%\" width=\"101\">4<\/td>\n<\/tr>\n<tr>\n<td style=\"width: 75.5187%\" width=\"318\">ORIENTACI\u00d3N<\/td>\n<td style=\"width: 24.4813%\" width=\"101\">1<\/td>\n<\/tr>\n<tr>\n<td style=\"width: 75.5187%\" width=\"318\">TECNOLOG\u00cdA<\/td>\n<td style=\"width: 24.4813%\" width=\"101\">1<\/td>\n<\/tr>\n<tr>\n<td style=\"width: 75.5187%\" width=\"318\">RELIGI\u00d3N<\/td>\n<td style=\"width: 24.4813%\" width=\"101\">2<\/td>\n<\/tr>\n<tr>\n<td style=\"width: 75.5187%\" width=\"318\">\u00cdNGLES<\/td>\n<td style=\"width: 24.4813%\" width=\"101\">4<\/td>\n<\/tr>\n<tr>\n<td style=\"width: 75.5187%\" width=\"318\">TOTAL<\/td>\n<td style=\"width: 24.4813%\" width=\"101\">38 HORAS<\/td>\n<\/tr>\n<\/tbody>\n<\/table>\n<p>[\/vc_column_text][\/vc_column][\/vc_row][vc_row][vc_column width=&#8221;1\/2&#8243;][vc_column_text]<\/p>\n<table style=\"border-collapse: collapse;width: 58.0714%\">\n<tbody>\n<tr>\n<td style=\"width: 78.8382%\" width=\"318\">QUINTO B\u00c1SICO Y SEXTO B\u00c1SICO<\/td>\n<td style=\"width: 21.1618%\" width=\"83\">HORAS<\/td>\n<\/tr>\n<tr>\n<td style=\"width: 78.8382%\" width=\"318\"><\/td>\n<td style=\"width: 21.1618%\" width=\"83\"><\/td>\n<\/tr>\n<tr>\n<td style=\"width: 78.8382%;background-color: #d6d6d6\" width=\"318\"><strong>ASIGNATURAS<\/strong><\/td>\n<td style=\"width: 21.1618%;background-color: #d6d6d6\" width=\"83\">32 + 6<\/td>\n<\/tr>\n<tr>\n<td style=\"width: 78.8382%\" width=\"318\">LENGUAJE Y COMUNICACI\u00d3N<\/td>\n<td style=\"width: 21.1618%\" width=\"83\">6<\/td>\n<\/tr>\n<tr>\n<td style=\"width: 78.8382%\" width=\"318\">MATEM\u00c1TICA<\/td>\n<td style=\"width: 21.1618%\" width=\"83\">8<\/td>\n<\/tr>\n<tr>\n<td style=\"width: 78.8382%\" width=\"318\">HISTORIA, GEOGRAF\u00cdA Y CIENCIAS SOCIALES<\/td>\n<td style=\"width: 21.1618%\" width=\"83\">4<\/td>\n<\/tr>\n<tr>\n<td style=\"width: 78.8382%\" width=\"318\">CIENCIAS NATURALES<\/td>\n<td style=\"width: 21.1618%\" width=\"83\">4<\/td>\n<\/tr>\n<tr>\n<td style=\"width: 78.8382%\" width=\"318\">M\u00daSICA<\/td>\n<td style=\"width: 21.1618%\" width=\"83\">2<\/td>\n<\/tr>\n<tr>\n<td style=\"width: 78.8382%\" width=\"318\">ARTES VISUALES<\/td>\n<td style=\"width: 21.1618%\" width=\"83\">2<\/td>\n<\/tr>\n<tr>\n<td style=\"width: 78.8382%\" width=\"318\">EDUCACI\u00d3N F\u00cdSICA Y SALUD<\/td>\n<td style=\"width: 21.1618%\" width=\"83\">2<\/td>\n<\/tr>\n<tr>\n<td style=\"width: 78.8382%\" width=\"318\">ORIENTACI\u00d3N<\/td>\n<td style=\"width: 21.1618%\" width=\"83\">1<\/td>\n<\/tr>\n<tr>\n<td style=\"width: 78.8382%\" width=\"318\">TECNOLOG\u00cdA<\/td>\n<td style=\"width: 21.1618%\" width=\"83\">1<\/td>\n<\/tr>\n<tr>\n<td style=\"width: 78.8382%\" width=\"318\">RELIGI\u00d3N<\/td>\n<td style=\"width: 21.1618%\" width=\"83\">2<\/td>\n<\/tr>\n<tr>\n<td style=\"width: 78.8382%\" width=\"318\">IDIOMA EXTRANJERO : \u00cdNGLES<\/td>\n<td style=\"width: 21.1618%\" width=\"83\">6<\/td>\n<\/tr>\n<tr>\n<td style=\"width: 78.8382%\" width=\"318\">TOTAL<\/td>\n<td style=\"width: 21.1618%\" width=\"83\">38 HORAS<\/td>\n<\/tr>\n<\/tbody>\n<\/table>\n<p>[\/vc_column_text][\/vc_column][vc_column width=&#8221;1\/2&#8243;][vc_column_text]<\/p>\n<table style=\"border-collapse: collapse;width: 58.0714%\">\n<tbody>\n<tr>\n<td style=\"width: 75.5187%\" width=\"318\"><strong>S\u00c9PTIMO Y OCTAVO<\/strong><\/td>\n<td style=\"width: 24.4813%\" width=\"101\">HORAS<\/td>\n<\/tr>\n<tr>\n<td style=\"width: 75.5187%\" width=\"318\"><\/td>\n<td style=\"width: 24.4813%\" width=\"101\"><\/td>\n<\/tr>\n<tr>\n<td style=\"width: 75.5187%;background-color: #d6d6d6\" width=\"318\"><strong>ASIGNATURAS<\/strong><\/td>\n<td style=\"width: 24.4813%;background-color: #d6d6d6\" width=\"101\">32 + 6 = 38<\/td>\n<\/tr>\n<tr>\n<td style=\"width: 75.5187%\" width=\"318\">LENGUA Y LITERATURA<\/td>\n<td style=\"width: 24.4813%\" width=\"101\">6<\/td>\n<\/tr>\n<tr>\n<td style=\"width: 75.5187%\" width=\"318\">IDIOMA EXTRANJERO: \u00cdNGLES<\/td>\n<td style=\"width: 24.4813%\" width=\"101\">6<\/td>\n<\/tr>\n<tr>\n<td style=\"width: 75.5187%\" width=\"318\">MATEM\u00c1TICA<\/td>\n<td style=\"width: 24.4813%\" width=\"101\">8<\/td>\n<\/tr>\n<tr>\n<td style=\"width: 75.5187%\" width=\"318\">HISTORIA, GEOGRAF\u00cdA Y CIENCIAS SOCIALES<\/td>\n<td style=\"width: 24.4813%\" width=\"101\">4<\/td>\n<\/tr>\n<tr>\n<td style=\"width: 75.5187%\" width=\"318\">CIENCIAS NATURALES<\/td>\n<td style=\"width: 24.4813%\" width=\"101\">5 (2 BIOLOG\u00cdA -1 F\u00cdSICA-2 QU\u00cdMICA)<\/td>\n<\/tr>\n<tr>\n<td style=\"width: 75.5187%\" width=\"318\">TECNOLOG\u00cdA<\/td>\n<td style=\"width: 24.4813%\" width=\"101\">1<\/td>\n<\/tr>\n<tr>\n<td style=\"width: 75.5187%\" width=\"318\">ARTES VISUALES<\/td>\n<td style=\"width: 24.4813%\" width=\"101\">2<\/td>\n<\/tr>\n<tr>\n<td style=\"width: 75.5187%\" width=\"318\">M\u00daSICA<\/td>\n<td style=\"width: 24.4813%\" width=\"101\">1<\/td>\n<\/tr>\n<tr>\n<td style=\"width: 75.5187%\" width=\"318\">EDUCACI\u00d3N F\u00cdSICA Y SALUD<\/td>\n<td style=\"width: 24.4813%\" width=\"101\">2<\/td>\n<\/tr>\n<tr>\n<td style=\"width: 75.5187%\" width=\"318\">ORIENTACI\u00d3N<\/td>\n<td style=\"width: 24.4813%\" width=\"101\">1<\/td>\n<\/tr>\n<tr>\n<td style=\"width: 75.5187%\" width=\"318\">FORMACI\u00d3N CIUDADANA<\/td>\n<td style=\"width: 24.4813%\" width=\"101\">2<\/td>\n<\/tr>\n<tr>\n<td style=\"width: 75.5187%\" width=\"318\">TOTAL<\/td>\n<td style=\"width: 24.4813%\" width=\"101\">38 HORAS<\/td>\n<\/tr>\n<\/tbody>\n<\/table>\n<p>[\/vc_column_text][\/vc_column][\/vc_row][vc_row][vc_column width=&#8221;1\/2&#8243;][vc_column_text]<\/p>\n<table style=\"border-collapse: collapse;width: 58.0714%\">\n<tbody>\n<tr>\n<td style=\"width: 78.8382%\" width=\"318\"><strong>PRIMERO Y SEGUNDO MEDIO<\/strong><\/td>\n<td style=\"width: 21.1618%\" width=\"83\">HORAS<\/td>\n<\/tr>\n<tr>\n<td style=\"width: 78.8382%\" width=\"318\"><\/td>\n<td style=\"width: 21.1618%\" width=\"83\"><\/td>\n<\/tr>\n<tr>\n<td style=\"width: 78.8382%;background-color: #d6d6d6\" width=\"318\"><strong>ASIGNATURAS<\/strong><\/td>\n<td style=\"width: 21.1618%;background-color: #d6d6d6\" width=\"83\">36 + 6 = 42<\/td>\n<\/tr>\n<tr>\n<td style=\"width: 78.8382%\" width=\"318\">LENGUA Y LITERATURA<\/td>\n<td style=\"width: 21.1618%\" width=\"83\">6<\/td>\n<\/tr>\n<tr>\n<td style=\"width: 78.8382%\" width=\"318\">MATEM\u00c1TICA<\/td>\n<td style=\"width: 21.1618%\" width=\"83\">8<\/td>\n<\/tr>\n<tr>\n<td style=\"width: 78.8382%\" width=\"318\">HISTORIA, GEOGRAF\u00cdA Y CIENCIAS SOCIALES<\/td>\n<td style=\"width: 21.1618%\" width=\"83\">4<\/td>\n<\/tr>\n<tr>\n<td style=\"width: 78.8382%\" width=\"318\">ARTES VISUALES O M\u00daSICA(ELECCI\u00d3N)<\/td>\n<td style=\"width: 21.1618%\" width=\"83\">2<\/td>\n<\/tr>\n<tr>\n<td style=\"width: 78.8382%\" width=\"318\">EDUCACI\u00d3N F\u00cdSICA Y SALUD<\/td>\n<td style=\"width: 21.1618%\" width=\"83\">2<\/td>\n<\/tr>\n<tr>\n<td style=\"width: 78.8382%\" width=\"318\">ORIENTACI\u00d3N<\/td>\n<td style=\"width: 21.1618%\" width=\"83\">1<\/td>\n<\/tr>\n<tr>\n<td style=\"width: 78.8382%\" width=\"318\">TECNOLOG\u00cdA<\/td>\n<td style=\"width: 21.1618%\" width=\"83\">2<\/td>\n<\/tr>\n<tr>\n<td style=\"width: 78.8382%\" width=\"318\">IDIOMA EXTRANJERO: \u00cdNGLES<\/td>\n<td style=\"width: 21.1618%\" width=\"83\">6<\/td>\n<\/tr>\n<tr>\n<td style=\"width: 78.8382%\" width=\"318\">FORMACI\u00d3N CIUDADANA<\/td>\n<td style=\"width: 21.1618%\" width=\"83\">2<\/td>\n<\/tr>\n<tr>\n<td style=\"width: 78.8382%\" width=\"318\">BIOLOG\u00cdA<\/td>\n<td style=\"width: 21.1618%\" width=\"83\">4<\/td>\n<\/tr>\n<tr>\n<td style=\"width: 78.8382%\" width=\"318\">F\u00cdSICA<\/td>\n<td style=\"width: 21.1618%\" width=\"83\">2<\/td>\n<\/tr>\n<tr>\n<td style=\"width: 78.8382%\" width=\"318\">QU\u00cdMICA<\/td>\n<td style=\"width: 21.1618%\" width=\"83\">3<\/td>\n<\/tr>\n<tr>\n<td style=\"width: 78.8382%\" width=\"318\">TOTAL<\/td>\n<td style=\"width: 21.1618%\" width=\"83\">42 HORAS<\/td>\n<\/tr>\n<\/tbody>\n<\/table>\n<p>[\/vc_column_text][\/vc_column][vc_column width=&#8221;1\/2&#8243;][vc_column_text]<\/p>\n<table style=\"border-collapse: collapse;width: 58.0714%\">\n<tbody>\n<tr>\n<td style=\"width: 68.8797%\" width=\"318\"><strong>TERCERO Y CUARTO MEDIO<\/strong><\/td>\n<td style=\"width: 30.9128%\" width=\"101\">HORAS<\/td>\n<\/tr>\n<tr>\n<td style=\"width: 68.8797%\" width=\"318\"><\/td>\n<td style=\"width: 30.9128%\" width=\"101\"><\/td>\n<\/tr>\n<tr>\n<td style=\"width: 68.8797%;background-color: #d6d6d6\" width=\"318\"><strong>ASIGNATURAS<\/strong><\/td>\n<td style=\"width: 30.9128%;background-color: #d6d6d6\" width=\"101\">22+18+2= 42<\/td>\n<\/tr>\n<tr>\n<td style=\"width: 68.8797%\" width=\"318\">LENGUA Y LITERATURA<\/td>\n<td style=\"width: 30.9128%\" width=\"101\">4<\/td>\n<\/tr>\n<tr>\n<td style=\"width: 68.8797%\" width=\"318\">MATEM\u00c1TICA<\/td>\n<td style=\"width: 30.9128%\" width=\"101\">4<\/td>\n<\/tr>\n<tr>\n<td style=\"width: 68.8797%\" width=\"318\">EDUCACI\u00d3N CIUDADANA<\/td>\n<td style=\"width: 30.9128%\" width=\"101\">2<\/td>\n<\/tr>\n<tr>\n<td style=\"width: 68.8797%\" width=\"318\">FILOSOF\u00cdA<\/td>\n<td style=\"width: 30.9128%\" width=\"101\">2<\/td>\n<\/tr>\n<tr>\n<td style=\"width: 68.8797%\" width=\"318\">INGL\u00c9S<\/td>\n<td style=\"width: 30.9128%\" width=\"101\">4<\/td>\n<\/tr>\n<tr>\n<td style=\"width: 68.8797%\" width=\"318\">CIENCIAS PARA LA CIUDADAN\u00cdA<\/td>\n<td style=\"width: 30.9128%\" width=\"101\">2<\/td>\n<\/tr>\n<tr>\n<td style=\"width: 68.8797%\" width=\"318\">QU\u00cdMICA<\/td>\n<td style=\"width: 30.9128%\" width=\"101\">2<\/td>\n<\/tr>\n<tr>\n<td style=\"width: 68.8797%\" width=\"318\">BIOLOG\u00cdA<\/td>\n<td style=\"width: 30.9128%\" width=\"101\">1<\/td>\n<\/tr>\n<tr>\n<td style=\"width: 68.8797%\" width=\"318\">Decisi\u00f3n vocacional y proyecto de vida (orientaci\u00f3n)<\/td>\n<td style=\"width: 30.9128%\" width=\"101\">1<\/td>\n<\/tr>\n<tr>\n<td style=\"width: 68.8797%\" width=\"318\"><\/td>\n<td style=\"width: 30.9128%\" width=\"101\"><\/td>\n<\/tr>\n<tr>\n<td style=\"width: 68.8797%\" width=\"318\">TOTAL<\/td>\n<td style=\"width: 30.9128%\" width=\"101\">22<\/td>\n<\/tr>\n<tr>\n<td style=\"width: 68.8797%\" width=\"318\"><\/td>\n<td style=\"width: 30.9128%\" width=\"101\"><\/td>\n<\/tr>\n<tr>\n<td style=\"width: 68.8797%\" width=\"318\"><\/td>\n<td style=\"width: 30.9128%\" width=\"101\"><\/td>\n<\/tr>\n<tr>\n<td style=\"width: 68.8797%\" width=\"318\"><\/td>\n<td style=\"width: 30.9128%\" width=\"101\"><\/td>\n<\/tr>\n<tr>\n<td style=\"width: 68.8797%\" width=\"318\"><\/td>\n<td style=\"width: 30.9128%\" width=\"101\"><\/td>\n<\/tr>\n<tr>\n<td style=\"width: 68.8797%\" width=\"318\"><\/td>\n<td style=\"width: 30.9128%\" width=\"101\"><\/td>\n<\/tr>\n<tr>\n<td style=\"width: 68.8797%\" width=\"318\"><\/td>\n<td style=\"width: 30.9128%\" width=\"101\"><\/td>\n<\/tr>\n<tr>\n<td style=\"width: 68.8797%\" width=\"318\"><\/td>\n<td style=\"width: 30.9128%\" width=\"101\"><\/td>\n<\/tr>\n<\/tbody>\n<\/table>\n<p>[\/vc_column_text][\/vc_column][\/vc_row][vc_row][vc_column width=&#8221;1\/2&#8243;][vc_column_text]<\/p>\n<table style=\"border-collapse: collapse;width: 58.0714%\">\n<tbody>\n<tr>\n<td style=\"width: 78.8382%\" width=\"318\"><strong>ELECTIVOS PLAN COM\u00daN (SE ELIGE)<\/strong><\/td>\n<td style=\"width: 21.1618%\" width=\"101\">HORAS<\/td>\n<\/tr>\n<tr>\n<td style=\"width: 78.8382%\" width=\"318\">ED. F\u00cdSICA<\/td>\n<td style=\"width: 21.1618%\" width=\"101\">2<\/td>\n<\/tr>\n<tr>\n<td style=\"width: 78.8382%\" width=\"318\">ARTES VISUALES<\/td>\n<td style=\"width: 21.1618%\" width=\"101\">2<\/td>\n<\/tr>\n<tr>\n<td style=\"width: 78.8382%\" width=\"318\">HISTORIA<\/td>\n<td style=\"width: 21.1618%\" width=\"101\">2<\/td>\n<\/tr>\n<tr>\n<td style=\"width: 78.8382%\" width=\"318\">TOTAL<\/td>\n<td style=\"width: 21.1618%\" width=\"101\">2<\/td>\n<\/tr>\n<tr>\n<td style=\"width: 78.8382%\" width=\"318\"><\/td>\n<td style=\"width: 21.1618%\" width=\"101\"><\/td>\n<\/tr>\n<tr>\n<td style=\"width: 78.8382%\" width=\"318\"><\/td>\n<td style=\"width: 21.1618%\" width=\"101\"><\/td>\n<\/tr>\n<tr>\n<td style=\"width: 78.8382%;background-color: #d6d6d6\" width=\"318\"><strong>ELECTIVOS DIFERENCIADOS<\/strong><\/td>\n<td style=\"width: 21.1618%;background-color: #d6d6d6\" width=\"101\">HORAS<\/td>\n<\/tr>\n<tr>\n<td style=\"width: 78.8382%\" width=\"318\">LECTURA Y ESCRITURA ESPECIALIZADA<\/td>\n<td style=\"width: 21.1618%\" width=\"101\">6<\/td>\n<\/tr>\n<tr>\n<td style=\"width: 78.8382%\" width=\"318\">F\u00cdSICA<\/td>\n<td style=\"width: 21.1618%\" width=\"101\">6<\/td>\n<\/tr>\n<tr>\n<td style=\"width: 78.8382%\" width=\"318\">GEOGRAF\u00cdA , TERRITORIO Y DESAF\u00cdOS\u2026.<\/td>\n<td style=\"width: 21.1618%\" width=\"101\">6<\/td>\n<\/tr>\n<tr>\n<td style=\"width: 78.8382%\" width=\"318\">QU\u00cdMICA<\/td>\n<td style=\"width: 21.1618%\" width=\"101\">6<\/td>\n<\/tr>\n<tr>\n<td style=\"width: 78.8382%\" width=\"318\">CREACI\u00d3N Y COMPOSICI\u00d3N MUSICAL<\/td>\n<td style=\"width: 21.1618%\" width=\"101\">6<\/td>\n<\/tr>\n<tr>\n<td style=\"width: 78.8382%\" width=\"318\">BIOLOG\u00cdA DE LOS ECOSISTEMAS<\/td>\n<td style=\"width: 21.1618%\" width=\"101\">6<\/td>\n<\/tr>\n<tr>\n<td style=\"width: 78.8382%\" width=\"318\">SEMINARIO DE FILOSOF\u00cdA<\/td>\n<td style=\"width: 21.1618%\" width=\"101\">6<\/td>\n<\/tr>\n<tr>\n<td style=\"width: 78.8382%\" width=\"318\">PROMOCI\u00d3N DE ESTILOS DE VIDA SALUDABLES<\/td>\n<td style=\"width: 21.1618%\" width=\"101\">6<\/td>\n<\/tr>\n<tr>\n<td style=\"width: 78.8382%\" width=\"318\">PROBABILIDAD Y ESTAD\u00cdSTICA INFERENCIAL<\/td>\n<td style=\"width: 21.1618%\" width=\"101\">6<\/td>\n<\/tr>\n<tr>\n<td style=\"width: 78.8382%\" width=\"318\">TOTAL HORAS POR P. ELECTIVO<\/td>\n<td style=\"width: 21.1618%\" width=\"101\">18 HORAS<\/td>\n<\/tr>\n<\/tbody>\n<\/table>\n<p>[\/vc_column_text][\/vc_column][vc_column width=&#8221;1\/2&#8243;][vc_column_text]<\/p>\n<table style=\"border-collapse: collapse;width: 58.0714%;height: 408px\">\n<tbody>\n<tr style=\"height: 24px\">\n<td style=\"width: 68.8797%;height: 24px\" width=\"318\"><strong>GRUPOS DE ELECTIVOS<\/strong><\/td>\n<\/tr>\n<tr style=\"height: 24px\">\n<td style=\"width: 68.8797%;height: 24px\"><\/td>\n<\/tr>\n<tr style=\"height: 24px\">\n<td style=\"width: 68.8797%;background-color: #4391cc;height: 24px\"><span style=\"color: #ffffff\"><em><strong>G1<\/strong><\/em><\/span><\/td>\n<\/tr>\n<tr style=\"height: 24px\">\n<td style=\"width: 68.8797%;background-color: #4391cc;height: 24px\" width=\"318\"><span style=\"color: #ffffff\">LECTURA Y ESCRITURA ESPECIALIZADA<\/span><\/td>\n<\/tr>\n<tr style=\"height: 24px\">\n<td style=\"width: 68.8797%;background-color: #4391cc;height: 24px\" width=\"318\"><span style=\"color: #ffffff\">F\u00cdSICA<\/span><\/td>\n<\/tr>\n<tr style=\"height: 24px\">\n<td style=\"width: 68.8797%;background-color: #4391cc;height: 24px\" width=\"318\"><span style=\"color: #ffffff\">GEOGRAF\u00cdA , TERRITORIO Y DESAF\u00cdOS\u2026.<\/span><\/td>\n<\/tr>\n<tr style=\"height: 24px\">\n<td style=\"width: 68.8797%;height: 24px\"><\/td>\n<\/tr>\n<tr style=\"height: 24px\">\n<td style=\"width: 68.8797%;height: 24px\"><\/td>\n<\/tr>\n<tr style=\"height: 24px\">\n<td style=\"width: 68.8797%;background-color: #f5dbb5;height: 24px\" width=\"318\"><span style=\"color: #ffffff\"><strong><em>G2<\/em><\/strong><\/span><\/td>\n<\/tr>\n<tr style=\"height: 24px\">\n<td style=\"width: 68.8797%;background-color: #f5dbb5;height: 24px\" width=\"318\"><span style=\"color: #ffffff\">QU\u00cdMICA<\/span><\/td>\n<\/tr>\n<tr style=\"height: 24px\">\n<td style=\"width: 68.8797%;background-color: #f5dbb5;height: 24px\" width=\"318\"><span style=\"color: #ffffff\">CREACI\u00d3N Y COMPOSICI\u00d3N MUSICAL<\/span><\/td>\n<\/tr>\n<tr style=\"height: 24px\">\n<td style=\"width: 68.8797%;background-color: #f5dbb5;height: 24px\" width=\"318\"><span style=\"color: #ffffff\">BIOLOG\u00cdA DE LOS ECOSISTEMAS<\/span><\/td>\n<\/tr>\n<tr style=\"height: 24px\">\n<td style=\"width: 68.8797%;height: 24px\"><\/td>\n<\/tr>\n<tr style=\"height: 24px\">\n<td style=\"width: 68.8797%;height: 24px;background-color: #69bf58\" width=\"318\"><span style=\"color: #ffffff\"><em><strong>G3<\/strong><\/em><\/span><\/td>\n<\/tr>\n<tr style=\"height: 24px\">\n<td style=\"width: 68.8797%;height: 24px;background-color: #69bf58\" width=\"318\"><span style=\"color: #ffffff\">SEMINARIO DE FILOSOF\u00cdA<\/span><\/td>\n<\/tr>\n<tr style=\"height: 24px\">\n<td style=\"width: 68.8797%;height: 24px;background-color: #69bf58\" width=\"318\"><span style=\"color: #ffffff\">PROMOCI\u00d3N DE ESTILOS DE VIDA SALUDABLES<\/span><\/td>\n<\/tr>\n<tr style=\"height: 24px\">\n<td style=\"width: 68.8797%;height: 24px;background-color: #69bf58\" width=\"318\"><span style=\"color: #ffffff\">PROBABILIDAD Y ESTAD\u00cdSTICA INFERENCIAL<\/span><\/td>\n<\/tr>\n<\/tbody>\n<\/table>\n<p>[\/vc_column_text][\/vc_column][\/vc_row]<\/p>\n<\/section>","protected":false},"excerpt":{"rendered":"<p>[vc_row][vc_column][vc_empty_space height=&#8221;60&#8243;][vc_column_text]Kids World School se \u00a0centra en brindar educaci\u00f3n integral y de calidad a estudiantes de 3 a 18 a\u00f1os. Establece conexiones con otras instituciones educativas y universidades de prestigio para mantener un plan de estudios actualizado. Su equipo de profesores participa activamente en cursos de formaci\u00f3n para mejorar la calidad de la ense\u00f1anza. Se [&hellip;]<\/p>\n","protected":false},"author":1,"featured_media":0,"parent":0,"menu_order":0,"comment_status":"closed","ping_status":"closed","template":"","meta":{"om_disable_all_campaigns":false,"_monsterinsights_skip_tracking":false,"_monsterinsights_sitenote_active":false,"_monsterinsights_sitenote_note":"","_monsterinsights_sitenote_category":0,"_uf_show_specific_survey":0,"_uf_disable_surveys":false,"h5ap_radio_sources":[],"footnotes":""},"class_list":["post-3592","page","type-page","status-publish","hentry"],"aioseo_notices":[],"_links":{"self":[{"href":"https:\/\/kidsworldschool.cl\/index.php\/wp-json\/wp\/v2\/pages\/3592","targetHints":{"allow":["GET"]}}],"collection":[{"href":"https:\/\/kidsworldschool.cl\/index.php\/wp-json\/wp\/v2\/pages"}],"about":[{"href":"https:\/\/kidsworldschool.cl\/index.php\/wp-json\/wp\/v2\/types\/page"}],"author":[{"embeddable":true,"href":"https:\/\/kidsworldschool.cl\/index.php\/wp-json\/wp\/v2\/users\/1"}],"replies":[{"embeddable":true,"href":"https:\/\/kidsworldschool.cl\/index.php\/wp-json\/wp\/v2\/comments?post=3592"}],"version-history":[{"count":2,"href":"https:\/\/kidsworldschool.cl\/index.php\/wp-json\/wp\/v2\/pages\/3592\/revisions"}],"predecessor-version":[{"id":3594,"href":"https:\/\/kidsworldschool.cl\/index.php\/wp-json\/wp\/v2\/pages\/3592\/revisions\/3594"}],"wp:attachment":[{"href":"https:\/\/kidsworldschool.cl\/index.php\/wp-json\/wp\/v2\/media?parent=3592"}],"curies":[{"name":"wp","href":"https:\/\/api.w.org\/{rel}","templated":true}]}}