{"id":3795,"date":"2023-10-19T12:56:14","date_gmt":"2023-10-19T12:56:14","guid":{"rendered":"https:\/\/kidsworldschool.cl\/?page_id=3795"},"modified":"2023-10-19T12:56:14","modified_gmt":"2023-10-19T12:56:14","slug":"direccion","status":"publish","type":"page","link":"https:\/\/kidsworldschool.cl\/index.php\/direccion\/","title":{"rendered":"Direccion"},"content":{"rendered":"<section class=\"wpb-content-wrapper\"><p>[vc_row][vc_column width=&#8221;1\/2&#8243;][vc_single_image image=&#8221;3432&#8243; alignment=&#8221;right&#8221;][\/vc_column][vc_column width=&#8221;1\/2&#8243;][vc_column_text]La preocupaci\u00f3n por la comunidad es un pilar central de Kids World School. Adem\u00e1s, el colegio promueve valores de responsabilidad social y conciencia c\u00edvica, preparando a los estudiantes para convertirse en ciudadanos comprometidos y solidarios.[\/vc_column_text][\/vc_column][\/vc_row]<\/p>\n<\/section>","protected":false},"excerpt":{"rendered":"<p>[vc_row][vc_column width=&#8221;1\/2&#8243;][vc_single_image image=&#8221;3432&#8243; alignment=&#8221;right&#8221;][\/vc_column][vc_column width=&#8221;1\/2&#8243;][vc_column_text]La preocupaci\u00f3n por la comunidad es un pilar central de Kids World School. Adem\u00e1s, el colegio promueve valores de responsabilidad social y conciencia c\u00edvica, preparando a los estudiantes para convertirse en ciudadanos comprometidos y solidarios.[\/vc_column_text][\/vc_column][\/vc_row]<\/p>\n","protected":false},"author":1,"featured_media":0,"parent":0,"menu_order":0,"comment_status":"closed","ping_status":"closed","template":"","meta":{"om_disable_all_campaigns":false,"_monsterinsights_skip_tracking":false,"_monsterinsights_sitenote_active":false,"_monsterinsights_sitenote_note":"","_monsterinsights_sitenote_category":0,"_uf_show_specific_survey":0,"_uf_disable_surveys":false,"h5ap_radio_sources":[],"footnotes":""},"class_list":["post-3795","page","type-page","status-publish","hentry"],"aioseo_notices":[],"_links":{"self":[{"href":"https:\/\/kidsworldschool.cl\/index.php\/wp-json\/wp\/v2\/pages\/3795","targetHints":{"allow":["GET"]}}],"collection":[{"href":"https:\/\/kidsworldschool.cl\/index.php\/wp-json\/wp\/v2\/pages"}],"about":[{"href":"https:\/\/kidsworldschool.cl\/index.php\/wp-json\/wp\/v2\/types\/page"}],"author":[{"embeddable":true,"href":"https:\/\/kidsworldschool.cl\/index.php\/wp-json\/wp\/v2\/users\/1"}],"replies":[{"embeddable":true,"href":"https:\/\/kidsworldschool.cl\/index.php\/wp-json\/wp\/v2\/comments?post=3795"}],"version-history":[{"count":1,"href":"https:\/\/kidsworldschool.cl\/index.php\/wp-json\/wp\/v2\/pages\/3795\/revisions"}],"predecessor-version":[{"id":3802,"href":"https:\/\/kidsworldschool.cl\/index.php\/wp-json\/wp\/v2\/pages\/3795\/revisions\/3802"}],"wp:attachment":[{"href":"https:\/\/kidsworldschool.cl\/index.php\/wp-json\/wp\/v2\/media?parent=3795"}],"curies":[{"name":"wp","href":"https:\/\/api.w.org\/{rel}","templated":true}]}}