{"id":3835,"date":"2023-11-06T19:57:38","date_gmt":"2023-11-06T19:57:38","guid":{"rendered":"https:\/\/kidsworldschool.cl\/?page_id=3835"},"modified":"2023-12-19T16:10:39","modified_gmt":"2023-12-19T16:10:39","slug":"becas","status":"publish","type":"page","link":"https:\/\/kidsworldschool.cl\/index.php\/becas\/","title":{"rendered":"Becas"},"content":{"rendered":"<section class=\"wpb-content-wrapper\"><p>[vc_row][vc_column][stm_spacing lg_spacing=&#8221;80&#8243; md_spacing=&#8221;80&#8243; sm_spacing=&#8221;60&#8243; xs_spacing=&#8221;40&#8243;][\/vc_column][\/vc_row][vc_row equal_height=&#8221;yes&#8221; content_placement=&#8221;bottom&#8221;][vc_column width=&#8221;1\/2&#8243;][stm_title title=&#8221;Reglamento Asignaci\u00f3n de Becas Corporaci\u00f3n kid\u2019s world&#8221;][\/stm_title][vc_column_text]Estimados Se\u00f1ores Padres y Apoderados: En cumplimiento de las Normas Legales vigentes, respecto al otorgamiento de Becas establecidas por la ley 19.532 del a\u00f1o 1997, informamos a usted que:[\/vc_column_text][\/vc_column][vc_column width=&#8221;1\/2&#8243;][vc_single_image image=&#8221;3837&#8243; img_size=&#8221;large&#8221; alignment=&#8221;center&#8221;][\/vc_column][\/vc_row][vc_row][vc_column][vc_column_text]<strong>A.-<\/strong> El sistema de financiamiento compartido provee una entrega de Becas de Escolaridad, proporcional al monto del Cobro Mensual Promedio, el cual queda oficial y oportunamente\u00a0\u00a0 establecido y en conocimiento de cada uno de nuestros apoderados, mediante circular interna sobre cuotas de Financiamiento Compartido y confirmaci\u00f3n de matr\u00edcula, entregado en reuniones del mes de octubre del presente a\u00f1o Escolar.<\/p>\n<p><strong>B.-\u00a0\u00a0 <\/strong>Las Becas a entregar corresponden ser distribuidas seg\u00fan lo establecido por la Ley de Subvenci\u00f3n y seg\u00fan el reglamento interno de asignaci\u00f3n de Becas las cuales consideran:<\/p>\n<p><strong>1\u00b0 <\/strong>Principalmente para alumnos con situaci\u00f3n econ\u00f3mica deficitaria,<\/p>\n<p><strong>2\u00b0 <\/strong>Alumnos de buen y destacado rendimiento escolar,<\/p>\n<p><strong>3\u00b0 <\/strong>Destacados en el \u00e1mbito deportivo, cultural, art\u00edstico u otras disciplinas,<\/p>\n<p><strong>4\u00b0 <\/strong>Alumnos y\/o apoderados con problemas de salud grave,<\/p>\n<p><strong>5\u00b0 <\/strong>Alumnos con excelencia acad\u00e9mica, de los cursos 5\u00b0 a\u00f1o b\u00e1sico a 4\u00b0 a\u00f1o medio, cuyo promedio m\u00ednimo debe ser igual o superior a 6,7, consider\u00e1ndose tambi\u00e9n excelente disciplina, asistencia y cumplimiento con las normas establecidas en el reglamento de convivencia Escolar,[\/vc_column_text][\/vc_column][\/vc_row][vc_row][vc_column][vc_column_text]<strong>C.- REQUISITOS PARA POSTULAR A UNA BECA DE FINANCIAMIENTO COMPARTIDO:<\/strong><\/p>\n<p><strong>\u00a0<\/strong><strong>-Formulario de Solicitud de Beca de escolaridad solicitado y presentado por el apoderado, en la fecha de postulaci\u00f3n correspondiente.<\/strong><\/p>\n<ul>\n<li><strong>-Ingreso promedio per c\u00e1pita inferior a $105.000 <\/strong><\/li>\n<li><strong>-Cesant\u00eda del jefe de <\/strong><\/li>\n<li><strong>-Situaci\u00f3n laboral inestable o incierta del jefe de <\/strong><\/li>\n<li><strong>-N\u00fameros de hijos en situaci\u00f3n de educando (incluido el postulante).<\/strong><\/li>\n<li><strong>-Problemas de salud de los padres y\/o estudiante <\/strong><\/li>\n<li><strong>-Informe socioecon\u00f3mico (Asistente Social)<\/strong><\/li>\n<li><strong>-Liquidaci\u00f3n de sueldo y cotizaciones, comprobante de previsi\u00f3n de salud del mes anterior a la Postulaci\u00f3n de la <\/strong><\/li>\n<li><strong>-Ultimo Certificado de Estudio de la Madre (fotocopia legalizada).<\/strong><\/li>\n<li><strong>Certificado de cesant\u00eda, Certificado de residencia, Certificados M\u00e9dicos (cuando proceda).<\/strong><\/li>\n<li><strong>Informe del Profesor jefe respecto del compromiso del apoderado con el colegio.<\/strong><\/li>\n<li><strong>Informe Pedag\u00f3gico y Conductual del estudiante, por parte de su Profesor Los Documentos deben ser originales y m\u00e1s una copia.<\/strong><\/li>\n<li><strong><u>Registro Social de Hogares (RSH) ACTUALIZADO AL A\u00d1O DE LA SOLICITUD. ESTOS REGISTROS DEBEN SER ACTUALIZADOS TODOS LOS A\u00d1OS DE SER NECESARIO. NO SE ACEPTAR\u00c1N RSH. DESACTUALIZADOS.<\/u><\/strong><\/li>\n<\/ul>\n<p>[\/vc_column_text][\/vc_column][\/vc_row][vc_row][vc_column][vc_column_text]<strong>D.- <\/strong>Los estudiantes postulantes deber\u00e1n tener a lo menos un a\u00f1o en el colegio; el promedio de sus notas debe \u00a0ser <strong>5,8<\/strong>, cinco coma ocho y\/o superior, la asistencia a clases debe ser igual o superior al <strong>80%<\/strong> como m\u00ednimo y reflejar esfuerzo, responsabilidad y compromiso con sus deberes escolares.<\/p>\n<p><strong>E.- <\/strong>Los Apoderados interesados en postular deber\u00e1n retirar los formularios de postulaci\u00f3n en la <strong>oficina administrativa <\/strong>desde el 15 de octubre al 31 de octubre y el per\u00edodo de postulaci\u00f3n ser\u00e1 desde el 1\u00ba al 30 de noviembre de cada a\u00f1o, el plazo en que deber\u00e1 entregar dichas postulaciones y el resultado se entregar\u00e1n en las primeras semanas del mes de abril del siguiente a\u00f1o escolar.<\/p>\n<p>Las solicitudes ser\u00e1n estudiadas por la \u201cComisi\u00f3n Becas\u201d del colegio que elaborar\u00e1 un listado de postulantes con su puntaje respectivo. Se otorgar\u00e1n en forma proporcional las Becas Totales o Parciales, hasta cumplir con el n\u00famero que establece la Ley, correspondiendo al 15% del total de la matr\u00edcula del Establecimiento, los que no entren en el n\u00famero establecido, pasar\u00e1n a una lista de espera que se considerar\u00e1 una vez que se produzca alguna vacante.<\/p>\n<p>El retiro del colegio o la renuncia voluntaria hace disponible el cupo para la Beca que ser\u00e1 adjudicada al primer alumno de la lista de espera.<\/p>\n<p><strong>F.<\/strong>&#8211; Comunicamos adem\u00e1s que la entrega de Beca por parte del Establecimiento considera a los alumnos en condici\u00f3n de vulnerabilidad socioecon\u00f3mico de acuerdo a lo dispuesto en el decreto N\u00ba 196 publicada en el Diario Oficial el 29\/06\/2022. Que tiene por objetivo una mayor integraci\u00f3n en el sistema educacional chileno, cuyo proceso se inici\u00f3 a partir de la matr\u00edcula para el a\u00f1o escolar 20024 en forma gradual. Los requisitos para acceder a la Beca de vulnerabilidad socioecon\u00f3mica son:<\/p>\n<ul>\n<li>Informe de MIDEPLAN a JUNAEB (o instrumento que reemplace a la Ficha Protecci\u00f3n Social)<\/li>\n<li>Entorno del Colegio, de acuerdo a la encuesta CASEN, medida por MIDEPLAN)<\/li>\n<li>Estas Becas son entregadas directamente por JUNAEB<\/li>\n<\/ul>\n<p><strong>G.- <\/strong>Informamos a usted que nuestro Establecimiento Educacional tiene convenio con la Ley SEP. Por lo tanto, se\u00a0<strong>considera el otorgamiento de becas prioritarias<\/strong>, seg\u00fan listado dispuesto por el ministerio<\/p>\n<p><strong>H.-<\/strong>Finalmente el falseamiento de cualquier dato requerido en el formulario de solicitud ser\u00e1 causal de caducar el beneficio, quedando imposibilitados de volver a postular en los a\u00f1os sucesivos.[\/vc_column_text][\/vc_column][\/vc_row][vc_row full_width=&#8221;stretch_row_content_no_spaces&#8221; css=&#8221;.vc_custom_1699308410518{background-color: #7a191c !important;}&#8221;][vc_column width=&#8221;1\/4&#8243;][\/vc_column][vc_column width=&#8221;1\/2&#8243;][stm_text_box sep_color=&#8221;custom&#8221; title_color=&#8221;custom&#8221; text_color=&#8221;custom&#8221; stm_bg_color=&#8221;custom&#8221; sep_enable=&#8221;true&#8221; title=&#8221;Listado de Documentos que debe presentar junto a este formulario:&#8221; sep_color_custom=&#8221;#7a1a1c&#8221; title_color_custom=&#8221;#ffffff&#8221; text_color_custom=&#8221;#ffffff&#8221; stm_bg_color_custom=&#8221;#7a191c&#8221;]<\/p>\n<ul>\n<li>Cotizaciones AFP pertenecientes de ambos Padres o Cuidadores.<\/li>\n<li>Certificado de Cotizaciones Previsionales (PREVIRED), de ambos Padres o Cuidadores.<\/li>\n<li>Ultimas 6 Liquidaciones de Sueldo de ambos Padres o Cuidadores.<\/li>\n<li>Registro Social de Hogares (RSH) Actualizado al a\u00f1o de la solicitud.<\/li>\n<li>Informe socioecon\u00f3mico (Asistente Social).<\/li>\n<li>Certificado de Notas y Conductual del Profesor jefe.<\/li>\n<li>Otros Documentos que acrediten situaci\u00f3n expuesta.<\/li>\n<\/ul>\n<p>[\/stm_text_box][stm_spacing lg_spacing=&#8221;80&#8243; md_spacing=&#8221;80&#8243; sm_spacing=&#8221;60&#8243; xs_spacing=&#8221;40&#8243;][\/vc_column][vc_column width=&#8221;1\/4&#8243;][\/vc_column][\/vc_row]<\/p>\n<\/section>","protected":false},"excerpt":{"rendered":"<p>[vc_row][vc_column][stm_spacing lg_spacing=&#8221;80&#8243; md_spacing=&#8221;80&#8243; sm_spacing=&#8221;60&#8243; xs_spacing=&#8221;40&#8243;][\/vc_column][\/vc_row][vc_row equal_height=&#8221;yes&#8221; content_placement=&#8221;bottom&#8221;][vc_column width=&#8221;1\/2&#8243;][stm_title title=&#8221;Reglamento Asignaci\u00f3n de Becas Corporaci\u00f3n kid\u2019s world&#8221;][\/stm_title][vc_column_text]Estimados Se\u00f1ores Padres y Apoderados: En cumplimiento de las Normas Legales vigentes, respecto al otorgamiento de Becas establecidas por la ley 19.532 del a\u00f1o 1997, informamos a usted que:[\/vc_column_text][\/vc_column][vc_column width=&#8221;1\/2&#8243;][vc_single_image image=&#8221;3837&#8243; img_size=&#8221;large&#8221; alignment=&#8221;center&#8221;][\/vc_column][\/vc_row][vc_row][vc_column][vc_column_text]A.- El sistema de financiamiento compartido provee una entrega [&hellip;]<\/p>\n","protected":false},"author":1,"featured_media":0,"parent":0,"menu_order":0,"comment_status":"closed","ping_status":"closed","template":"","meta":{"om_disable_all_campaigns":false,"_monsterinsights_skip_tracking":false,"_monsterinsights_sitenote_active":false,"_monsterinsights_sitenote_note":"","_monsterinsights_sitenote_category":0,"_uf_show_specific_survey":0,"_uf_disable_surveys":false,"h5ap_radio_sources":[],"footnotes":""},"class_list":["post-3835","page","type-page","status-publish","hentry"],"aioseo_notices":[],"_links":{"self":[{"href":"https:\/\/kidsworldschool.cl\/index.php\/wp-json\/wp\/v2\/pages\/3835","targetHints":{"allow":["GET"]}}],"collection":[{"href":"https:\/\/kidsworldschool.cl\/index.php\/wp-json\/wp\/v2\/pages"}],"about":[{"href":"https:\/\/kidsworldschool.cl\/index.php\/wp-json\/wp\/v2\/types\/page"}],"author":[{"embeddable":true,"href":"https:\/\/kidsworldschool.cl\/index.php\/wp-json\/wp\/v2\/users\/1"}],"replies":[{"embeddable":true,"href":"https:\/\/kidsworldschool.cl\/index.php\/wp-json\/wp\/v2\/comments?post=3835"}],"version-history":[{"count":10,"href":"https:\/\/kidsworldschool.cl\/index.php\/wp-json\/wp\/v2\/pages\/3835\/revisions"}],"predecessor-version":[{"id":3847,"href":"https:\/\/kidsworldschool.cl\/index.php\/wp-json\/wp\/v2\/pages\/3835\/revisions\/3847"}],"wp:attachment":[{"href":"https:\/\/kidsworldschool.cl\/index.php\/wp-json\/wp\/v2\/media?parent=3835"}],"curies":[{"name":"wp","href":"https:\/\/api.w.org\/{rel}","templated":true}]}}