{"id":4052,"date":"2023-12-18T16:50:22","date_gmt":"2023-12-18T16:50:22","guid":{"rendered":"https:\/\/kidsworldschool.cl\/?page_id=4052"},"modified":"2026-04-14T18:08:25","modified_gmt":"2026-04-14T18:08:25","slug":"reglamento-de-evaluacion-calificacion-y-promocion-escolar","status":"publish","type":"page","link":"https:\/\/kidsworldschool.cl\/index.php\/reglamento-de-evaluacion-calificacion-y-promocion-escolar\/","title":{"rendered":"Reglamento de evaluaci\u00f3n, calificaci\u00f3n y promoci\u00f3n escolar"},"content":{"rendered":"<section class=\"wpb-content-wrapper\"><p>[vc_row][vc_column][stm_spacing lg_spacing=&#8221;80&#8243; md_spacing=&#8221;80&#8243; sm_spacing=&#8221;60&#8243; xs_spacing=&#8221;40&#8243;][stm_title title=&#8221;Reglamento de Evaluaci\u00f3n, Calificaci\u00f3n y Promoci\u00f3n Escolar&#8221;][\/stm_title][vc_column_text]<\/p>\n<p dir=\"auto\">El <strong>Reglamento de Evaluaci\u00f3n, Calificaci\u00f3n y Promoci\u00f3n Escolar<\/strong> de la Corporaci\u00f3n Educacional Kid\u2019s World, constituye el marco normativo que regula los procesos de evaluaci\u00f3n del aprendizaje en los niveles de educaci\u00f3n b\u00e1sica y media del establecimiento. Este documento se elabora en concordancia con las disposiciones del Decreto 67 de 2018 del Ministerio de Educaci\u00f3n, que establece las normas nacionales m\u00ednimas en esta materia, y se alinea con el Proyecto Educativo Institucional de la corporaci\u00f3n. Su prop\u00f3sito fundamental es garantizar procesos de evaluaci\u00f3n objetivos, transparentes y formativos que contribuyan al desarrollo integral de los estudiantes.<\/p>\n<p dir=\"auto\">La Corporaci\u00f3n Educacional Kid\u2019s World concibe la evaluaci\u00f3n como una herramienta central en el logro de los objetivos educativos. Esta permite a docentes y estudiantes evidenciar los avances en la trayectoria de aprendizaje, reflexionar sobre los resultados obtenidos y ajustar los procesos pedag\u00f3gicos de manera oportuna. Asimismo, facilita el reconocimiento de la diversidad presente en el aula y proporciona la informaci\u00f3n necesaria para adoptar decisiones pedag\u00f3gicas pertinentes que respondan a las necesidades individuales de los alumnos durante el proceso de ense\u00f1anza-aprendizaje.<\/p>\n<p dir=\"auto\">El reglamento define con claridad conceptos clave tales como evaluaci\u00f3n formativa, calificaci\u00f3n y promoci\u00f3n escolar, y establece principios orientadores como la retroalimentaci\u00f3n efectiva, la diversificaci\u00f3n de instrumentos evaluativos y el acompa\u00f1amiento pedag\u00f3gico a estudiantes en riesgo. Su aplicaci\u00f3n abarca todas las asignaturas del plan de estudios, considerando situaciones especiales, necesidades educativas especiales y requisitos de asistencia m\u00ednima. De este modo, busca promover la equidad, la calidad educativa y el \u00e9xito escolar de todos los estudiantes de la instituci\u00f3n.<\/p>\n<p>[\/vc_column_text][vc_row_inner][vc_column_inner width=&#8221;1\/2&#8243;][stm_title title_tag=&#8221;h4&#8243; title=&#8221;Para ver el reglamento completo haga click en el boton&#8221;][\/stm_title][\/vc_column_inner][vc_column_inner width=&#8221;1\/2&#8243;][vc_btn title=&#8221;Reglamento Completo&#8221; color=&#8221;info&#8221; align=&#8221;left&#8221; i_align=&#8221;right&#8221; i_icon_fontawesome=&#8221;far fa-file-pdf&#8221; css_animation=&#8221;left-to-right&#8221; add_icon=&#8221;true&#8221; link=&#8221;url:https%3A%2F%2Fkidsworldschool.cl%2Fwp-content%2Fuploads%2F2025%2F03%2FREGLAMENTO-DE-EVALAUCIONCALIFICACION-Y-PROMOCION-ESCOLAR-CORPORACION-EDUCACIONAL-KID%C2%B4S-WORLD-2025.pdf&#8221;][\/vc_column_inner][\/vc_row_inner][stm_spacing lg_spacing=&#8221;80&#8243; md_spacing=&#8221;80&#8243; sm_spacing=&#8221;60&#8243; xs_spacing=&#8221;40&#8243;][\/vc_column][\/vc_row]<\/p>\n<\/section>","protected":false},"excerpt":{"rendered":"<p>[vc_row][vc_column][stm_spacing lg_spacing=&#8221;80&#8243; md_spacing=&#8221;80&#8243; sm_spacing=&#8221;60&#8243; xs_spacing=&#8221;40&#8243;][stm_title title=&#8221;Reglamento de Evaluaci\u00f3n, Calificaci\u00f3n y Promoci\u00f3n Escolar&#8221;][\/stm_title][vc_column_text] El Reglamento de Evaluaci\u00f3n, Calificaci\u00f3n y Promoci\u00f3n Escolar de la Corporaci\u00f3n Educacional Kid\u2019s World, constituye el marco normativo que regula los procesos de evaluaci\u00f3n del aprendizaje en los niveles de educaci\u00f3n b\u00e1sica y media del establecimiento. Este documento se elabora en concordancia con [&hellip;]<\/p>\n","protected":false},"author":1,"featured_media":0,"parent":0,"menu_order":0,"comment_status":"closed","ping_status":"closed","template":"","meta":{"om_disable_all_campaigns":false,"_monsterinsights_skip_tracking":false,"_monsterinsights_sitenote_active":false,"_monsterinsights_sitenote_note":"","_monsterinsights_sitenote_category":0,"_uf_show_specific_survey":0,"_uf_disable_surveys":false,"h5ap_radio_sources":[],"footnotes":""},"class_list":["post-4052","page","type-page","status-publish","hentry"],"aioseo_notices":[],"_links":{"self":[{"href":"https:\/\/kidsworldschool.cl\/index.php\/wp-json\/wp\/v2\/pages\/4052","targetHints":{"allow":["GET"]}}],"collection":[{"href":"https:\/\/kidsworldschool.cl\/index.php\/wp-json\/wp\/v2\/pages"}],"about":[{"href":"https:\/\/kidsworldschool.cl\/index.php\/wp-json\/wp\/v2\/types\/page"}],"author":[{"embeddable":true,"href":"https:\/\/kidsworldschool.cl\/index.php\/wp-json\/wp\/v2\/users\/1"}],"replies":[{"embeddable":true,"href":"https:\/\/kidsworldschool.cl\/index.php\/wp-json\/wp\/v2\/comments?post=4052"}],"version-history":[{"count":18,"href":"https:\/\/kidsworldschool.cl\/index.php\/wp-json\/wp\/v2\/pages\/4052\/revisions"}],"predecessor-version":[{"id":4360,"href":"https:\/\/kidsworldschool.cl\/index.php\/wp-json\/wp\/v2\/pages\/4052\/revisions\/4360"}],"wp:attachment":[{"href":"https:\/\/kidsworldschool.cl\/index.php\/wp-json\/wp\/v2\/media?parent=4052"}],"curies":[{"name":"wp","href":"https:\/\/api.w.org\/{rel}","templated":true}]}}