{"id":4068,"date":"2023-12-19T15:29:12","date_gmt":"2023-12-19T15:29:12","guid":{"rendered":"https:\/\/kidsworldschool.cl\/?page_id=4068"},"modified":"2025-12-30T15:37:55","modified_gmt":"2025-12-30T15:37:55","slug":"listado-utiles-escolares","status":"publish","type":"page","link":"https:\/\/kidsworldschool.cl\/index.php\/listado-utiles-escolares\/","title":{"rendered":"Listado de \u00fatiles escolares"},"content":{"rendered":"<section class=\"wpb-content-wrapper\"><p>[vc_row][vc_column][stm_spacing lg_spacing=&#8221;80&#8243; md_spacing=&#8221;80&#8243; sm_spacing=&#8221;60&#8243; xs_spacing=&#8221;40&#8243;][stm_title title_tag=&#8221;h3&#8243; title=&#8221;Lista de \u00datiles Escolares a\u00f1o 2026&#8243;][\/stm_title][vc_column_text]Estimados estudiantes y apoderados, para garantizar un inicio sin contratiempos, extendemos una cordial invitaci\u00f3n a conocer y adquirir las listas de \u00fatiles escolares correspondientes a cada nivel educativo.<br \/>\nPara acceder a las listas de suministros, todo lo que necesita hacer es dar click en el bot\u00f3n asignado a cada curso.<br \/>\nEsto es para garantizar que cada alumno tenga todo lo necesario para la vuelta al colegio facilitando la organizaci\u00f3n y la preparaci\u00f3n.<br \/>\nExpresamos nuestro agradecimiento de antemano por su cooperaci\u00f3n y dedicaci\u00f3n a la educaci\u00f3n de sus hijos. Si tiene alguna pregunta o necesita m\u00e1s aclaraciones, no dude en comunicarse con nosotros, en nuestro <a href=\"https:\/\/kidsworldschool.cl\/index.php\/contactanos\/\">formulario de contacto<\/a>.<br \/>\nEsperando que tengan unas excelentes vacaciones, los esperamos el pr\u00f3ximo a\u00f1o con toda la energ\u00eda recargada.[\/vc_column_text][stm_spacing lg_spacing=&#8221;80&#8243; md_spacing=&#8221;80&#8243; sm_spacing=&#8221;60&#8243; xs_spacing=&#8221;40&#8243;][\/vc_column][\/vc_row][vc_row][vc_column][stm_title title_tag=&#8221;h5&#8243; title=&#8221;Para poder descargar la lista seleccione el curso de su hijo o hija y haga clic en el bot\u00f3n de descarga&#8221;][\/stm_title][\/vc_column][\/vc_row][vc_row][vc_column][vc_tta_tabs title_tag=&#8221;h3&#8243; style=&#8221;modern&#8221; color=&#8221;green&#8221; active_section=&#8221;1&#8243; title=&#8221;Ense\u00f1anza B\u00e1sica&#8221;][vc_tta_section title=&#8221;Pre Kinder&#8221; tab_id=&#8221;1765776199787-b5b25d44-a9fe&#8221;][vc_btn title=&#8221;Descargar Lista&#8221; color=&#8221;primary&#8221; link=&#8221;url:http%3A%2F%2Fkidsworldschool.cl%2Fwp-content%2Fuploads%2F2025%2F12%2FLista-de-utlites-Pre-Kinder-A-B-2026.pdf&#8221;][\/vc_tta_section][vc_tta_section title=&#8221;Kinder&#8221; tab_id=&#8221;1765776205935-fec13aaa-cfe3&#8243;][vc_btn title=&#8221;Descargar Lista&#8221; color=&#8221;primary&#8221; link=&#8221;url:http%3A%2F%2Fkidsworldschool.cl%2Fwp-content%2Fuploads%2F2025%2F12%2FLista-de-utiles-Kinder-A-B-2026.docx&#8221;][\/vc_tta_section][vc_tta_section title=&#8221;1\u00b0 B\u00e1sico&#8221; tab_id=&#8221;1703007324158-25765705-577e&#8221;][vc_btn title=&#8221;Descargar Lista&#8221; color=&#8221;primary&#8221; link=&#8221;url:http%3A%2F%2Fkidsworldschool.cl%2Fwp-content%2Fuploads%2F2025%2F12%2F1%C2%B0-Basico-A-B-LISTA-DE-UTILES-2026.docx&#8221;][\/vc_tta_section][vc_tta_section title=&#8221;2\u00b0 B\u00e1sico&#8221; tab_id=&#8221;1703007324167-44f32a09-2987&#8243;][vc_btn title=&#8221;Descargar Lista&#8221; color=&#8221;primary&#8221; link=&#8221;url:http%3A%2F%2Fkidsworldschool.cl%2Fwp-content%2Fuploads%2F2025%2F12%2F2%C2%B0Basico-A-B-LISTA-DE-UTILES-2026.docx&#8221;][\/vc_tta_section][vc_tta_section title=&#8221;3\u00b0 B\u00e1sico&#8221; tab_id=&#8221;1703007328847-e8edaace-be89&#8243;][vc_btn title=&#8221;Descargar Lista&#8221; color=&#8221;primary&#8221; link=&#8221;url:http%3A%2F%2Fkidsworldschool.cl%2Fwp-content%2Fuploads%2F2025%2F12%2F3%C2%B0-basico-A-B-LISTA-DE-UTILES-2026-docx.docx&#8221;][\/vc_tta_section][vc_tta_section title=&#8221;4\u00b0 B\u00e1sico&#8221; tab_id=&#8221;1703007786635-7a889079-1b34&#8243;][vc_btn title=&#8221;Descargar Lista&#8221; color=&#8221;primary&#8221; link=&#8221;url:http%3A%2F%2Fkidsworldschool.cl%2Fwp-content%2Fuploads%2F2025%2F12%2FD-4%C2%B0-basico-A-B-LISTA-DE-UTILES-2026.docx&#8221;][\/vc_tta_section][vc_tta_section title=&#8221;5\u00b0 B\u00e1sico&#8221; tab_id=&#8221;1703007787635-dc59218e-2d2e&#8221;][vc_btn title=&#8221;Descargar Lista&#8221; color=&#8221;primary&#8221; link=&#8221;url:http%3A%2F%2Fkidsworldschool.cl%2Fwp-content%2Fuploads%2F2025%2F12%2F5%C2%B0-basico-A-B-LISTA-DE-UTILES-2026.docx&#8221;][\/vc_tta_section][vc_tta_section title=&#8221;6\u00b0 B\u00e1sico&#8221; tab_id=&#8221;1703007788421-e97b470a-fa42&#8243;][vc_btn title=&#8221;Descargar Lista&#8221; color=&#8221;primary&#8221; link=&#8221;url:http%3A%2F%2Fkidsworldschool.cl%2Fwp-content%2Fuploads%2F2025%2F12%2F6%C2%B0Basico-A-B-LISTA-DE-UTILES-2026.docx&#8221;][\/vc_tta_section][vc_tta_section title=&#8221;7\u00b0 B\u00e1sico&#8221; tab_id=&#8221;1703007789561-eaf567ea-2481&#8243;][vc_btn title=&#8221;Descargar Lista&#8221; color=&#8221;primary&#8221; link=&#8221;url:http%3A%2F%2Fkidsworldschool.cl%2Fwp-content%2Fuploads%2F2025%2F12%2F7%C2%B0Basico-A-B-LISTA-DE-UTILES-2026.docx&#8221;][\/vc_tta_section][vc_tta_section title=&#8221;8\u00b0 B\u00e1sico&#8221; tab_id=&#8221;1703007790542-9cfe9d84-08a6&#8243;][vc_btn title=&#8221;Descargar Lista&#8221; color=&#8221;primary&#8221; link=&#8221;url:http%3A%2F%2Fkidsworldschool.cl%2Fwp-content%2Fuploads%2F2025%2F12%2F8%C2%B0Basico-A-B-LISTA-DE-UTILES-2026.docx&#8221;][\/vc_tta_section][\/vc_tta_tabs][\/vc_column][\/vc_row][vc_row][vc_column][stm_spacing lg_spacing=&#8221;80&#8243; md_spacing=&#8221;80&#8243; sm_spacing=&#8221;60&#8243; xs_spacing=&#8221;40&#8243;][\/vc_column][\/vc_row][vc_row][vc_column][vc_tta_tabs title_tag=&#8221;h3&#8243; color=&#8221;green&#8221; active_section=&#8221;1&#8243; title=&#8221;Ense\u00f1anza Media&#8221;][vc_tta_section title=&#8221;1\u00b0 Medio&#8221; tab_id=&#8221;1703008858049-fd01ed0f-9993&#8243;][vc_btn title=&#8221;Descargar Lista&#8221; color=&#8221;primary&#8221; link=&#8221;url:http%3A%2F%2Fkidsworldschool.cl%2Fwp-content%2Fuploads%2F2025%2F12%2F1%C2%B0Medio-A-B-LISTA-DE-UTILES-2026.docx&#8221;][\/vc_tta_section][vc_tta_section title=&#8221;2\u00b0 Medio&#8221; tab_id=&#8221;1703008858149-b57ae2d0-3174&#8243;][vc_btn title=&#8221;Descargar Lista&#8221; color=&#8221;primary&#8221; link=&#8221;url:http%3A%2F%2Fkidsworldschool.cl%2Fwp-content%2Fuploads%2F2025%2F12%2F2%C2%B0Medio-A-B-LISTA-DE-UTILES-2026.docx&#8221;][\/vc_tta_section][vc_tta_section title=&#8221;3\u00b0 Medio&#8221; tab_id=&#8221;1703008858199-a7ca66a3-a23a&#8221;][vc_btn title=&#8221;Descargar Lista&#8221; color=&#8221;primary&#8221; link=&#8221;url:http%3A%2F%2Fkidsworldschool.cl%2Fwp-content%2Fuploads%2F2025%2F12%2F3%C2%B0Medio-A-B-LISTA-DE-UTILES-2026.docx&#8221;][\/vc_tta_section][vc_tta_section title=&#8221;4\u00b0 Medio&#8221; tab_id=&#8221;1703008858259-d066d24f-591f&#8221;][vc_btn title=&#8221;Descargar Lista&#8221; color=&#8221;primary&#8221; link=&#8221;url:http%3A%2F%2Fkidsworldschool.cl%2Fwp-content%2Fuploads%2F2025%2F12%2F4%C2%B0Medio-A-B-LISTA-DE-UTILES-2026.docx&#8221;][\/vc_tta_section][\/vc_tta_tabs][\/vc_column][\/vc_row][vc_row][vc_column][stm_spacing lg_spacing=&#8221;80&#8243; md_spacing=&#8221;80&#8243; sm_spacing=&#8221;60&#8243; xs_spacing=&#8221;40&#8243;][\/vc_column][\/vc_row]<\/p>\n<\/section>","protected":false},"excerpt":{"rendered":"<p>[vc_row][vc_column][stm_spacing lg_spacing=&#8221;80&#8243; md_spacing=&#8221;80&#8243; sm_spacing=&#8221;60&#8243; xs_spacing=&#8221;40&#8243;][stm_title title_tag=&#8221;h3&#8243; title=&#8221;Lista de \u00datiles Escolares a\u00f1o 2026&#8243;][\/stm_title][vc_column_text]Estimados estudiantes y apoderados, para garantizar un inicio sin contratiempos, extendemos una cordial invitaci\u00f3n a conocer y adquirir las listas de \u00fatiles escolares correspondientes a cada nivel educativo. Para acceder a las listas de suministros, todo lo que necesita hacer es dar click en [&hellip;]<\/p>\n","protected":false},"author":1,"featured_media":0,"parent":0,"menu_order":0,"comment_status":"closed","ping_status":"closed","template":"","meta":{"om_disable_all_campaigns":false,"_monsterinsights_skip_tracking":false,"_monsterinsights_sitenote_active":false,"_monsterinsights_sitenote_note":"","_monsterinsights_sitenote_category":0,"_uf_show_specific_survey":0,"_uf_disable_surveys":false,"h5ap_radio_sources":[],"footnotes":""},"class_list":["post-4068","page","type-page","status-publish","hentry"],"aioseo_notices":[],"_links":{"self":[{"href":"https:\/\/kidsworldschool.cl\/index.php\/wp-json\/wp\/v2\/pages\/4068","targetHints":{"allow":["GET"]}}],"collection":[{"href":"https:\/\/kidsworldschool.cl\/index.php\/wp-json\/wp\/v2\/pages"}],"about":[{"href":"https:\/\/kidsworldschool.cl\/index.php\/wp-json\/wp\/v2\/types\/page"}],"author":[{"embeddable":true,"href":"https:\/\/kidsworldschool.cl\/index.php\/wp-json\/wp\/v2\/users\/1"}],"replies":[{"embeddable":true,"href":"https:\/\/kidsworldschool.cl\/index.php\/wp-json\/wp\/v2\/comments?post=4068"}],"version-history":[{"count":12,"href":"https:\/\/kidsworldschool.cl\/index.php\/wp-json\/wp\/v2\/pages\/4068\/revisions"}],"predecessor-version":[{"id":4339,"href":"https:\/\/kidsworldschool.cl\/index.php\/wp-json\/wp\/v2\/pages\/4068\/revisions\/4339"}],"wp:attachment":[{"href":"https:\/\/kidsworldschool.cl\/index.php\/wp-json\/wp\/v2\/media?parent=4068"}],"curies":[{"name":"wp","href":"https:\/\/api.w.org\/{rel}","templated":true}]}}