{"id":4118,"date":"2024-03-08T15:35:09","date_gmt":"2024-03-08T15:35:09","guid":{"rendered":"https:\/\/kidsworldschool.cl\/?page_id=4118"},"modified":"2024-03-08T15:55:37","modified_gmt":"2024-03-08T15:55:37","slug":"activar-cuentas-de-correo","status":"publish","type":"page","link":"https:\/\/kidsworldschool.cl\/index.php\/activar-cuentas-de-correo\/","title":{"rendered":"Activar cuentas de correo"},"content":{"rendered":"<section class=\"wpb-content-wrapper\"><p>[vc_row][vc_column][stm_spacing lg_spacing=&#8221;80&#8243; md_spacing=&#8221;80&#8243; sm_spacing=&#8221;60&#8243; xs_spacing=&#8221;30&#8243;][vc_single_image image=&#8221;4122&#8243; img_size=&#8221;large&#8221; alignment=&#8221;center&#8221;][stm_text_box stm_bg_color=&#8221;custom&#8221; stm_bg_color_custom=&#8221;#f8f8f8&#8243;]A continuaci\u00f3n te detallamos los pasos para activar correctamente tu correos electr\u00f3nicos,\u00a0 su activaci\u00f3n es fundamental para garantizar una comunicaci\u00f3n efectiva y segura entre la comunidad escolar y la comunidad educativa.<\/p>\n<p>A trav\u00e9s de esta gu\u00eda, te ayudaremos en\u00a0 el proceso de activaci\u00f3n de tu cuenta de correo electr\u00f3nico, es importante seguir cada paso con atenci\u00f3n para asegurar una configuraci\u00f3n exitosa, en el caso de no poder o que se genere alg\u00fan error por favor comun\u00edcate con soporte <span style=\"color: #0000ff;\"><a style=\"color: #0000ff;\" href=\"mailto:ayuda.alumnos@kidsworldschool.cl\">a<\/a><a style=\"color: #0000ff;\" href=\"mailto:ayuda.alumnos@kidsworldschool.cl\">y<\/a><a style=\"color: #0000ff;\" href=\"mailto:ayuda.alumnos@kidsworldschool.cl\">uda<\/a><a style=\"color: #0000ff;\" href=\"mailto:ayuda.alumnos@kidsworldschool.cl\">.<\/a><a style=\"color: #0000ff;\" href=\"mailto:ayuda.alumnos@kidsworldschool.cl\">a<\/a><a style=\"color: #0000ff;\" href=\"mailto:ayuda.alumnos@kidsworldschool.cl\">l<\/a><a style=\"color: #0000ff;\" href=\"mailto:ayuda.alumnos@kidsworldschool.cl\">um<\/a><a style=\"color: #0000ff;\" href=\"mailto:ayuda.alumnos@kidsworldschool.cl\">n<\/a><a style=\"color: #0000ff;\" href=\"mailto:ayuda.alumnos@kidsworldschool.cl\">o<\/a><a style=\"color: #0000ff;\" href=\"mailto:ayuda.alumnos@kidsworldschool.cl\">s<\/a><a style=\"color: #0000ff;\" href=\"mailto:ayuda.alumnos@kidsworldschool.cl\">@<\/a><a style=\"color: #0000ff;\" href=\"mailto:ayuda.alumnos@kidsworldschool.cl\">k<\/a><a style=\"color: #0000ff;\" href=\"mailto:ayuda.alumnos@kidsworldschool.cl\">i<\/a><a style=\"color: #0000ff;\" href=\"mailto:ayuda.alumnos@kidsworldschool.cl\">dswor<\/a><a style=\"color: #0000ff;\" href=\"mailto:ayuda.alumnos@kidsworldschool.cl\">l<\/a><a style=\"color: #0000ff;\" href=\"mailto:ayuda.alumnos@kidsworldschool.cl\">ds<\/a><a style=\"color: #0000ff;\" href=\"mailto:ayuda.alumnos@kidsworldschool.cl\">c<\/a><a style=\"color: #0000ff;\" href=\"mailto:ayuda.alumnos@kidsworldschool.cl\">ho<\/a><a style=\"color: #0000ff;\" href=\"mailto:ayuda.alumnos@kidsworldschool.cl\">o<\/a><a style=\"color: #0000ff;\" href=\"mailto:ayuda.alumnos@kidsworldschool.cl\">l<\/a><a style=\"color: #0000ff;\" href=\"mailto:ayuda.alumnos@kidsworldschool.cl\">.<\/a><a style=\"color: #0000ff;\" href=\"mailto:ayuda.alumnos@kidsworldschool.cl\">c<\/a><\/span><a href=\"mailto:ayuda.alumnos@kidsworldschool.cl\"><span style=\"color: #0000ff;\">l<\/span><\/a>, debes incluir el nombre del alumno, curso y tipo de error que se genera.<\/p>\n<p>Te sugerimos leer nuestras pol\u00edticas de uso de <span style=\"color: #0000ff;\"><a style=\"color: #0000ff;\" href=\"https:\/\/kidsworldschool.cl\/index.php\/uso-seguro-de-redes-sociales\/\">Redes Sociales y Correo Electr\u00f3nico<\/a><\/span>.<\/p>\n<p>Puedes ver nuestro video instructivo o seguir hacia abajo y ver los detalle de activaci\u00f3n.<\/p>\n\n<p>[\/stm_text_box][stm_text_box title_tag=&#8221;h4&#8243; stm_bg_color=&#8221;custom&#8221; stm_bg_color_custom=&#8221;#f8f8f8&#8243; title=&#8221;Formato de correo&#8221;]El formato de tu nuevo correo institucional de estudiante es el siguiente:<\/p>\n<p><span style=\"color: #0000ff;\">nombre.apellidopaterno.apellidomaterno@kidsworldschool.cl<\/span><\/p>\n<p>La contrase\u00f1a para activarlo es el rut del estudiante sin puntos ni guion ni d\u00edgito verificador: ej, 12345678[\/stm_text_box][stm_text_box stm_bg_color=&#8221;custom&#8221; stm_bg_color_custom=&#8221;#f8f8f8&#8243;]Abre tu navegador de internet y accede a <b><a href=\"http:\/\/www.gmail.com\/\">www.gmail.com. <\/a><\/b><b>\u00a0<\/b>Si ya tienes una cuenta abierta, debes ir a \u201cAgregar otra \u00a0cuenta\u201d, tal como se muestra en la siguiente imagen:[\/stm_text_box][stm_single_image img_alignment=&#8221;center&#8221; img_responsive_enable=&#8221;true&#8221; img_id=&#8221;4126&#8243; img_size=&#8221;large&#8221;][stm_text_box stm_bg_color=&#8221;custom&#8221; stm_bg_color_custom=&#8221;#f8f8f8&#8243;]Si no tienes cuentas abiertas, ve al siguiente paso.[\/stm_text_box][stm_text_box stm_bg_color=&#8221;custom&#8221; stm_bg_color_custom=&#8221;#f8f8f8&#8243;]Ingresa tu correo como se menciona anteriormente:\u00a0 <span style=\"color: #0000ff;\"><u>nombre.apellido1.apellido2@kidsworldschool.cl<\/u><\/span><\/p>\n<p>No olvides respetar los puntos. No existen may\u00fasculas, tildes, ni \u00a0espacios dentro de los correos, por lo que si tu apellido es San \u00a0Mart\u00edn, seria sanmartin.[\/stm_text_box][stm_single_image img_alignment=&#8221;center&#8221; img_responsive_enable=&#8221;true&#8221; img_id=&#8221;4127&#8243; img_size=&#8221;large&#8221;][stm_text_box stm_bg_color=&#8221;custom&#8221; stm_bg_color_custom=&#8221;#f8f8f8&#8243;]<strong>Recuerda hacer clic en siguiente<\/strong>[\/stm_text_box][stm_text_box stm_bg_color=&#8221;custom&#8221; stm_bg_color_custom=&#8221;#f8f8f8&#8243;]La clave temporal es tu <b>rut<\/b> <b>sin<\/b> <b>puntos ni guion ni d\u00edgito verificador<\/b>, \u00a0por ejemplo <b>12345678<\/b>[\/stm_text_box][stm_single_image img_alignment=&#8221;center&#8221; img_responsive_enable=&#8221;true&#8221; img_id=&#8221;4128&#8243; img_size=&#8221;large&#8221;][stm_text_box stm_bg_color=&#8221;custom&#8221; stm_bg_color_custom=&#8221;#f8f8f8&#8243;]<strong>Clic en siguiente.<\/strong>[\/stm_text_box][stm_text_box stm_bg_color=&#8221;custom&#8221; stm_bg_color_custom=&#8221;#f8f8f8&#8243;]Si llegaste hasta ac\u00e1 ya est\u00e1s terminando, solo debes \u00a0aceptar el mensaje de bienvenida para poder elegir \u00a0una nueva contrase\u00f1a.[\/stm_text_box][stm_single_image img_alignment=&#8221;center&#8221; img_responsive_enable=&#8221;true&#8221; img_id=&#8221;4129&#8243; img_size=&#8221;large&#8221;][stm_text_box stm_bg_color=&#8221;custom&#8221; stm_bg_color_custom=&#8221;#f8f8f8&#8243;]<strong>Debes hacer clic en Aceptar.<\/strong>[\/stm_text_box][stm_text_box stm_bg_color=&#8221;custom&#8221; stm_bg_color_custom=&#8221;#f8f8f8&#8243;]Ahora debes elegir una nueva contrase\u00f1a para tu \u00a0nuevo correo.[\/stm_text_box][stm_single_image img_alignment=&#8221;center&#8221; img_responsive_enable=&#8221;true&#8221; img_id=&#8221;4130&#8243; img_size=&#8221;large&#8221;][stm_text_box stm_bg_color=&#8221;custom&#8221; stm_bg_color_custom=&#8221;#f8f8f8&#8243;]En este punto debes poner la nueva contrase\u00f1a y confirmarla, una vez hecho esto, debes hacer clic en el bot\u00f3n<strong> Cambiar Contrase\u00f1a.<\/strong>[\/stm_text_box][stm_text_box stm_bg_color=&#8221;custom&#8221; stm_bg_color_custom=&#8221;#f8f8f8&#8243;]Lo \u00faltimo que debes hacer es ir a aplicaciones de \u00a0Google y hacer clic en Classroom para as\u00ed poder \u00a0aceptar tus clases.<\/p>\n<p><img loading=\"lazy\" decoding=\"async\" class=\"aligncenter wp-image-4140 size-full\" src=\"https:\/\/kidsworldschool.cl\/wp-content\/uploads\/2024\/03\/Captura-de-pantalla-2024-03-08-122653.jpg\" alt=\"\" width=\"482\" height=\"92\" srcset=\"https:\/\/kidsworldschool.cl\/wp-content\/uploads\/2024\/03\/Captura-de-pantalla-2024-03-08-122653.jpg 482w, https:\/\/kidsworldschool.cl\/wp-content\/uploads\/2024\/03\/Captura-de-pantalla-2024-03-08-122653-300x57.jpg 300w, https:\/\/kidsworldschool.cl\/wp-content\/uploads\/2024\/03\/Captura-de-pantalla-2024-03-08-122653-480x92.jpg 480w\" sizes=\"auto, (max-width: 482px) 100vw, 482px\" \/>[\/stm_text_box][stm_single_image img_alignment=&#8221;center&#8221; img_responsive_enable=&#8221;true&#8221; img_id=&#8221;4125&#8243; img_size=&#8221;large&#8221;][stm_text_box stm_bg_color=&#8221;custom&#8221; stm_bg_color_custom=&#8221;#f8f8f8&#8243;]Listo\u00a1\u00a1\u00a1<\/p>\n<p>Con estos sencillos pasos, has completado exitosamente la activaci\u00f3n de tu correo electr\u00f3nico. Ahora est\u00e1s listo para comenzar a enviar y recibir mensajes, recuerda mantener tus contrase\u00f1as seguras y actualizadas, por ning\u00fan motivo la compartas.<\/p>\n<p>En el caso de que hayas tenido problemas o necesitas ayuda, comun\u00edcate con soporte al correo <a href=\"mailto:ayuda.alumnos@kidsworldschool.cl\">a<\/a><a href=\"mailto:ayuda.alumnos@kidsworldschool.cl\">y<\/a><a href=\"mailto:ayuda.alumnos@kidsworldschool.cl\">uda<\/a><a href=\"mailto:ayuda.alumnos@kidsworldschool.cl\">.<\/a><a href=\"mailto:ayuda.alumnos@kidsworldschool.cl\">a<\/a><a href=\"mailto:ayuda.alumnos@kidsworldschool.cl\">l<\/a><a href=\"mailto:ayuda.alumnos@kidsworldschool.cl\">um<\/a><a href=\"mailto:ayuda.alumnos@kidsworldschool.cl\">n<\/a><a href=\"mailto:ayuda.alumnos@kidsworldschool.cl\">o<\/a><a href=\"mailto:ayuda.alumnos@kidsworldschool.cl\">s<\/a><a href=\"mailto:ayuda.alumnos@kidsworldschool.cl\">@<\/a><a href=\"mailto:ayuda.alumnos@kidsworldschool.cl\">k<\/a><a href=\"mailto:ayuda.alumnos@kidsworldschool.cl\">i<\/a><a href=\"mailto:ayuda.alumnos@kidsworldschool.cl\">dswor<\/a><a href=\"mailto:ayuda.alumnos@kidsworldschool.cl\">l<\/a><a href=\"mailto:ayuda.alumnos@kidsworldschool.cl\">ds<\/a><a href=\"mailto:ayuda.alumnos@kidsworldschool.cl\">c<\/a><a href=\"mailto:ayuda.alumnos@kidsworldschool.cl\">ho<\/a><a href=\"mailto:ayuda.alumnos@kidsworldschool.cl\">o<\/a><a href=\"mailto:ayuda.alumnos@kidsworldschool.cl\">l<\/a><a href=\"mailto:ayuda.alumnos@kidsworldschool.cl\">.<\/a><a href=\"mailto:ayuda.alumnos@kidsworldschool.cl\">c<\/a><a href=\"mailto:ayuda.alumnos@kidsworldschool.cl\">l<\/a><a href=\"mailto:ayuda.alumnos@kidsworldschool.cl\">.<\/a><\/p>\n<p>[\/stm_text_box][\/vc_column][\/vc_row]<\/p>\n<\/section>","protected":false},"excerpt":{"rendered":"<p>[vc_row][vc_column][stm_spacing lg_spacing=&#8221;80&#8243; md_spacing=&#8221;80&#8243; sm_spacing=&#8221;60&#8243; xs_spacing=&#8221;30&#8243;][vc_single_image image=&#8221;4122&#8243; img_size=&#8221;large&#8221; alignment=&#8221;center&#8221;][stm_text_box stm_bg_color=&#8221;custom&#8221; stm_bg_color_custom=&#8221;#f8f8f8&#8243;]A continuaci\u00f3n te detallamos los pasos para activar correctamente tu correos electr\u00f3nicos,\u00a0 su activaci\u00f3n es fundamental para garantizar una comunicaci\u00f3n efectiva y segura entre la comunidad escolar y la comunidad educativa. A trav\u00e9s de esta gu\u00eda, te ayudaremos en\u00a0 el proceso de activaci\u00f3n de tu cuenta [&hellip;]<\/p>\n","protected":false},"author":1,"featured_media":0,"parent":0,"menu_order":0,"comment_status":"closed","ping_status":"closed","template":"","meta":{"om_disable_all_campaigns":false,"_monsterinsights_skip_tracking":false,"_monsterinsights_sitenote_active":false,"_monsterinsights_sitenote_note":"","_monsterinsights_sitenote_category":0,"_uf_show_specific_survey":0,"_uf_disable_surveys":false,"h5ap_radio_sources":[],"footnotes":""},"class_list":["post-4118","page","type-page","status-publish","hentry"],"aioseo_notices":[],"_links":{"self":[{"href":"https:\/\/kidsworldschool.cl\/index.php\/wp-json\/wp\/v2\/pages\/4118","targetHints":{"allow":["GET"]}}],"collection":[{"href":"https:\/\/kidsworldschool.cl\/index.php\/wp-json\/wp\/v2\/pages"}],"about":[{"href":"https:\/\/kidsworldschool.cl\/index.php\/wp-json\/wp\/v2\/types\/page"}],"author":[{"embeddable":true,"href":"https:\/\/kidsworldschool.cl\/index.php\/wp-json\/wp\/v2\/users\/1"}],"replies":[{"embeddable":true,"href":"https:\/\/kidsworldschool.cl\/index.php\/wp-json\/wp\/v2\/comments?post=4118"}],"version-history":[{"count":18,"href":"https:\/\/kidsworldschool.cl\/index.php\/wp-json\/wp\/v2\/pages\/4118\/revisions"}],"predecessor-version":[{"id":4150,"href":"https:\/\/kidsworldschool.cl\/index.php\/wp-json\/wp\/v2\/pages\/4118\/revisions\/4150"}],"wp:attachment":[{"href":"https:\/\/kidsworldschool.cl\/index.php\/wp-json\/wp\/v2\/media?parent=4118"}],"curies":[{"name":"wp","href":"https:\/\/api.w.org\/{rel}","templated":true}]}}